{"id":8342,"date":"2024-05-23T04:23:32","date_gmt":"2024-05-23T04:23:32","guid":{"rendered":"https:\/\/atvadas.lv\/?post_type=product&#038;p=8342"},"modified":"2025-09-12T12:46:41","modified_gmt":"2025-09-12T12:46:41","slug":"%d0%b6%d0%b5%d0%bd%d1%81%d0%ba%d0%be%d0%b5-%d0%bf%d0%bb%d0%b0%d1%82%d1%8c%d0%b5","status":"publish","type":"product","link":"https:\/\/atvadas.lv\/ru\/%d1%82%d0%be%d0%b2%d0%b0%d1%80\/%d0%b6%d0%b5%d0%bd%d1%81%d0%ba%d0%be%d0%b5-%d0%bf%d0%bb%d0%b0%d1%82%d1%8c%d0%b5","title":{"rendered":"\u0416\u0435\u043d\u0441\u043a\u043e\u0435 \u043f\u043b\u0430\u0442\u044c\u0435"},"content":{"rendered":"<ul>\n<li>\u041c\u043e\u0434\u0435\u043b\u044c: KLEITA_1<\/li>\n<li>\u041f\u0440\u0438\u043c\u0435\u0447\u0430\u043d\u0438\u044f: \u0440\u0430\u0437\u043b\u0438\u0447\u043d\u044b\u0435 \u0446\u0432\u0435\u0442\u0430 \u0438 \u0440\u0430\u0437\u043c\u0435\u0440\u044b<\/li>\n<\/ul>","protected":false},"excerpt":{"rendered":"<p>Modelis: KLEITA_1 Piez\u012bmes: da\u017e\u0101du kr\u0101su un izm\u0113ru<\/p>","protected":false},"featured_media":8344,"comment_status":"open","ping_status":"closed","template":"","meta":{"_eb_attr":"","_glsr_average":0,"_glsr_ranking":0,"_glsr_reviews":0},"product_brand":[],"product_cat":[57],"product_tag":[],"class_list":{"0":"post-8342","1":"product","2":"type-product","3":"status-publish","4":"has-post-thumbnail","6":"product_cat-beru-apgerbs","8":"first","9":"instock","10":"taxable","11":"shipping-taxable","12":"purchasable","13":"product-type-simple"},"_links":{"self":[{"href":"https:\/\/atvadas.lv\/ru\/wp-json\/wp\/v2\/product\/8342","targetHints":{"allow":["GET"]}}],"collection":[{"href":"https:\/\/atvadas.lv\/ru\/wp-json\/wp\/v2\/product"}],"about":[{"href":"https:\/\/atvadas.lv\/ru\/wp-json\/wp\/v2\/types\/product"}],"replies":[{"embeddable":true,"href":"https:\/\/atvadas.lv\/ru\/wp-json\/wp\/v2\/comments?post=8342"}],"wp:featuredmedia":[{"embeddable":true,"href":"https:\/\/atvadas.lv\/ru\/wp-json\/wp\/v2\/media\/8344"}],"wp:attachment":[{"href":"https:\/\/atvadas.lv\/ru\/wp-json\/wp\/v2\/media?parent=8342"}],"wp:term":[{"taxonomy":"product_brand","embeddable":true,"href":"https:\/\/atvadas.lv\/ru\/wp-json\/wp\/v2\/product_brand?post=8342"},{"taxonomy":"product_cat","embeddable":true,"href":"https:\/\/atvadas.lv\/ru\/wp-json\/wp\/v2\/product_cat?post=8342"},{"taxonomy":"product_tag","embeddable":true,"href":"https:\/\/atvadas.lv\/ru\/wp-json\/wp\/v2\/product_tag?post=8342"}],"curies":[{"name":"wp","href":"https:\/\/api.w.org\/{rel}","templated":true}]}}