{"id":6561,"date":"2024-05-16T12:21:35","date_gmt":"2024-05-16T12:21:35","guid":{"rendered":"https:\/\/atvadas.lv\/?post_type=product&#038;p=6561"},"modified":"2025-09-12T12:32:16","modified_gmt":"2025-09-12T12:32:16","slug":"%d0%bb%d1%8c%d0%bd%d1%8f%d0%bd%d0%b0%d1%8f-%d0%bb%d0%b5%d0%bd%d1%82%d0%b0","status":"publish","type":"product","link":"https:\/\/atvadas.lv\/ru\/%d1%82%d0%be%d0%b2%d0%b0%d1%80\/%d0%bb%d1%8c%d0%bd%d1%8f%d0%bd%d0%b0%d1%8f-%d0%bb%d0%b5%d0%bd%d1%82%d0%b0","title":{"rendered":"\u041b\u044c\u043d\u044f\u043d\u0430\u044f \u043b\u0435\u043d\u0442\u0430"},"content":{"rendered":"<ul>\n<li>\u041c\u043e\u0434\u0435\u043b\u044c: LENTA_L<\/li>\n<li>\u0426\u0432\u0435\u0442: \u0421\u0435\u0440\u044b\u0439<\/li>\n<li>\u041c\u0430\u0442\u0435\u0440\u0438\u0430\u043b: \u041b\u0451\u043d<\/li>\n<li>\u041f\u0440\u0438\u043c\u0435\u0447\u0430\u043d\u0438\u044f: \u041b\u044c\u043d\u044f\u043d\u0430\u044f \u043b\u0435\u043d\u0442\u0430<\/li>\n<\/ul>","protected":false},"excerpt":{"rendered":"<p>Modelis: LENTA_L Kr\u0101sa: Pel\u0113ka Materi\u0101ls: Lins Piez\u012bmes: Lina lenta<\/p>","protected":false},"featured_media":6562,"comment_status":"open","ping_status":"closed","template":"","meta":{"_eb_attr":"","_glsr_average":0,"_glsr_ranking":0,"_glsr_reviews":0},"product_brand":[],"product_cat":[55,122],"product_tag":[],"class_list":{"0":"post-6561","1":"product","2":"type-product","3":"status-publish","4":"has-post-thumbnail","6":"product_cat-apbedisanas-piederumi","7":"product_cat-lentes-vainagiem","9":"first","10":"instock","11":"taxable","12":"shipping-taxable","13":"purchasable","14":"product-type-simple"},"_links":{"self":[{"href":"https:\/\/atvadas.lv\/ru\/wp-json\/wp\/v2\/product\/6561","targetHints":{"allow":["GET"]}}],"collection":[{"href":"https:\/\/atvadas.lv\/ru\/wp-json\/wp\/v2\/product"}],"about":[{"href":"https:\/\/atvadas.lv\/ru\/wp-json\/wp\/v2\/types\/product"}],"replies":[{"embeddable":true,"href":"https:\/\/atvadas.lv\/ru\/wp-json\/wp\/v2\/comments?post=6561"}],"wp:featuredmedia":[{"embeddable":true,"href":"https:\/\/atvadas.lv\/ru\/wp-json\/wp\/v2\/media\/6562"}],"wp:attachment":[{"href":"https:\/\/atvadas.lv\/ru\/wp-json\/wp\/v2\/media?parent=6561"}],"wp:term":[{"taxonomy":"product_brand","embeddable":true,"href":"https:\/\/atvadas.lv\/ru\/wp-json\/wp\/v2\/product_brand?post=6561"},{"taxonomy":"product_cat","embeddable":true,"href":"https:\/\/atvadas.lv\/ru\/wp-json\/wp\/v2\/product_cat?post=6561"},{"taxonomy":"product_tag","embeddable":true,"href":"https:\/\/atvadas.lv\/ru\/wp-json\/wp\/v2\/product_tag?post=6561"}],"curies":[{"name":"wp","href":"https:\/\/api.w.org\/{rel}","templated":true}]}}