{"id":6551,"date":"2024-05-16T12:13:01","date_gmt":"2024-05-16T12:13:01","guid":{"rendered":"https:\/\/atvadas.lv\/?post_type=product&#038;p=6551"},"modified":"2025-09-12T12:45:36","modified_gmt":"2025-09-12T12:45:36","slug":"%d0%bf%d0%bb%d0%b8%d1%82%d0%b0-%d0%b2-%d1%87%d0%b5%d1%80%d0%bd%d0%be%d0%bc-%d1%86%d0%b2%d0%b5%d1%82%d0%b5","status":"publish","type":"product","link":"https:\/\/atvadas.lv\/ru\/%d1%82%d0%be%d0%b2%d0%b0%d1%80\/%d0%bf%d0%bb%d0%b8%d1%82%d0%b0-%d0%b2-%d1%87%d0%b5%d1%80%d0%bd%d0%be%d0%bc-%d1%86%d0%b2%d0%b5%d1%82%d0%b5","title":{"rendered":"\u0422\u0430\u0431\u043b\u0438\u0447\u043a\u0430 \u0447\u0435\u0440\u043d\u043e\u0433\u043e \u0446\u0432\u0435\u0442\u0430"},"content":{"rendered":"<ul>\n<li>\u041c\u043e\u0434\u0435\u043b\u044c: PL_MELNA<\/li>\n<li>\u0426\u0432\u0435\u0442: \u0427\u0451\u0440\u043d\u044b\u0439<\/li>\n<li>\u041c\u0430\u0442\u0435\u0440\u0438\u0430\u043b: \u041f\u043b\u0430\u0441\u0442\u0438\u043a<\/li>\n<li>\u041f\u0440\u0438\u043c\u0435\u0447\u0430\u043d\u0438\u044f: \u0431\u0435\u043b\u0430\u044f \u043d\u0430\u0434\u043f\u0438\u0441\u044c \u043d\u0430 \u0447\u0451\u0440\u043d\u043e\u043c \u0444\u043e\u043d\u0435<\/li>\n<\/ul>","protected":false},"excerpt":{"rendered":"<p>Modelis: PL_MELNA Kr\u0101sa: Melna Materi\u0101ls: Plastmasa Piez\u012bmes: balts uzraksts uz melna fona<\/p>","protected":false},"featured_media":6552,"comment_status":"open","ping_status":"closed","template":"","meta":{"_eb_attr":"","_glsr_average":0,"_glsr_ranking":0,"_glsr_reviews":0},"product_brand":[],"product_cat":[55,119],"product_tag":[],"class_list":{"0":"post-6551","1":"product","2":"type-product","3":"status-publish","4":"has-post-thumbnail","6":"product_cat-apbedisanas-piederumi","7":"product_cat-krusti","9":"first","10":"instock","11":"taxable","12":"shipping-taxable","13":"purchasable","14":"product-type-simple"},"_links":{"self":[{"href":"https:\/\/atvadas.lv\/ru\/wp-json\/wp\/v2\/product\/6551","targetHints":{"allow":["GET"]}}],"collection":[{"href":"https:\/\/atvadas.lv\/ru\/wp-json\/wp\/v2\/product"}],"about":[{"href":"https:\/\/atvadas.lv\/ru\/wp-json\/wp\/v2\/types\/product"}],"replies":[{"embeddable":true,"href":"https:\/\/atvadas.lv\/ru\/wp-json\/wp\/v2\/comments?post=6551"}],"wp:featuredmedia":[{"embeddable":true,"href":"https:\/\/atvadas.lv\/ru\/wp-json\/wp\/v2\/media\/6552"}],"wp:attachment":[{"href":"https:\/\/atvadas.lv\/ru\/wp-json\/wp\/v2\/media?parent=6551"}],"wp:term":[{"taxonomy":"product_brand","embeddable":true,"href":"https:\/\/atvadas.lv\/ru\/wp-json\/wp\/v2\/product_brand?post=6551"},{"taxonomy":"product_cat","embeddable":true,"href":"https:\/\/atvadas.lv\/ru\/wp-json\/wp\/v2\/product_cat?post=6551"},{"taxonomy":"product_tag","embeddable":true,"href":"https:\/\/atvadas.lv\/ru\/wp-json\/wp\/v2\/product_tag?post=6551"}],"curies":[{"name":"wp","href":"https:\/\/api.w.org\/{rel}","templated":true}]}}