{"id":6549,"date":"2024-05-16T12:09:50","date_gmt":"2024-05-16T12:09:50","guid":{"rendered":"https:\/\/atvadas.lv\/?post_type=product&#038;p=6549"},"modified":"2025-09-23T15:32:54","modified_gmt":"2025-09-23T15:32:54","slug":"%d0%b4%d0%b2%d0%be%d0%b9%d0%bd%d0%be%d0%b9-%d1%81%d0%b0%d0%b2%d0%b0%d0%bd-%d1%81-%d0%bf%d1%80%d0%b0%d0%b2%d0%be%d1%81%d0%bb%d0%b0%d0%b2%d0%bd%d1%8b%d0%bc-%d0%ba%d1%80%d0%b5%d1%81%d1%82%d0%be%d0%bc","status":"publish","type":"product","link":"https:\/\/atvadas.lv\/ru\/%d1%82%d0%be%d0%b2%d0%b0%d1%80\/%d0%b4%d0%b2%d0%be%d0%b9%d0%bd%d0%be%d0%b9-%d1%81%d0%b0%d0%b2%d0%b0%d0%bd-%d1%81-%d0%bf%d1%80%d0%b0%d0%b2%d0%be%d1%81%d0%bb%d0%b0%d0%b2%d0%bd%d1%8b%d0%bc-%d0%ba%d1%80%d0%b5%d1%81%d1%82%d0%be%d0%bc","title":{"rendered":"\u0414\u0432\u043e\u0439\u043d\u043e\u0439 \u0441\u0430\u0432\u0430\u043d \u2013 \u0442\u0440\u0430\u0434\u0438\u0446\u0438\u043e\u043d\u043d\u044b\u0439 \u0441 \u043f\u0440\u0430\u0432\u043e\u0441\u043b\u0430\u0432\u043d\u044b\u043c \u043a\u0440\u0435\u0441\u0442\u043e\u043c"},"content":{"rendered":"<ul>\n<li>\u041c\u043e\u0434\u0435\u043b\u044c:DUB_PAREIZTIC<\/li>\n<li>\u0426\u0432\u0435\u0442: \u0411\u0435\u043b\u044b\u0439<\/li>\n<li>\u041c\u0430\u0442\u0435\u0440\u0438\u0430\u043b: \u0422\u044e\u043b\u044c<\/li>\n<li>\u041f\u0440\u0438\u043c\u0435\u0447\u0430\u043d\u0438\u044f: \u0414\u0432\u043e\u0439\u043d\u043e\u0439 \u0441 \u043f\u0440\u0430\u0432\u043e\u0441\u043b\u0430\u0432\u043d\u044b\u043c \u043a\u0440\u0435\u0441\u0442\u043e\u043c<\/li>\n<\/ul>","protected":false},"excerpt":{"rendered":"<p>Modelis:DUB_PAREIZTIC Kr\u0101sa: Balta Materi\u0101ls: Tills Piez\u012bmes: Dubultais ar pareiztic\u012bgo krustu<\/p>","protected":false},"featured_media":6550,"comment_status":"open","ping_status":"closed","template":"","meta":{"_eb_attr":"","_glsr_average":0,"_glsr_ranking":0,"_glsr_reviews":0},"product_brand":[],"product_cat":[55,120],"product_tag":[],"class_list":{"0":"post-6549","1":"product","2":"type-product","3":"status-publish","4":"has-post-thumbnail","6":"product_cat-apbedisanas-piederumi","7":"product_cat-likauti","9":"first","10":"instock","11":"taxable","12":"shipping-taxable","13":"purchasable","14":"product-type-simple"},"_links":{"self":[{"href":"https:\/\/atvadas.lv\/ru\/wp-json\/wp\/v2\/product\/6549","targetHints":{"allow":["GET"]}}],"collection":[{"href":"https:\/\/atvadas.lv\/ru\/wp-json\/wp\/v2\/product"}],"about":[{"href":"https:\/\/atvadas.lv\/ru\/wp-json\/wp\/v2\/types\/product"}],"replies":[{"embeddable":true,"href":"https:\/\/atvadas.lv\/ru\/wp-json\/wp\/v2\/comments?post=6549"}],"wp:featuredmedia":[{"embeddable":true,"href":"https:\/\/atvadas.lv\/ru\/wp-json\/wp\/v2\/media\/6550"}],"wp:attachment":[{"href":"https:\/\/atvadas.lv\/ru\/wp-json\/wp\/v2\/media?parent=6549"}],"wp:term":[{"taxonomy":"product_brand","embeddable":true,"href":"https:\/\/atvadas.lv\/ru\/wp-json\/wp\/v2\/product_brand?post=6549"},{"taxonomy":"product_cat","embeddable":true,"href":"https:\/\/atvadas.lv\/ru\/wp-json\/wp\/v2\/product_cat?post=6549"},{"taxonomy":"product_tag","embeddable":true,"href":"https:\/\/atvadas.lv\/ru\/wp-json\/wp\/v2\/product_tag?post=6549"}],"curies":[{"name":"wp","href":"https:\/\/api.w.org\/{rel}","templated":true}]}}