{"id":6525,"date":"2024-05-16T11:48:56","date_gmt":"2024-05-16T11:48:56","guid":{"rendered":"https:\/\/atvadas.lv\/?post_type=product&#038;p=6525"},"modified":"2025-09-12T10:26:11","modified_gmt":"2025-09-12T10:26:11","slug":"%d0%b4%d0%b2%d0%be%d0%b9%d0%bd%d0%be%d0%b9-%d1%81%d0%b0%d0%b2%d0%b0%d0%bd-%d1%81-%d0%ba%d0%b0%d0%bf%d0%bb%d1%8f%d0%bc%d0%b8-%d0%b4%d0%be%d0%b6%d0%b4%d1%8f","status":"publish","type":"product","link":"https:\/\/atvadas.lv\/ru\/%d1%82%d0%be%d0%b2%d0%b0%d1%80\/%d0%b4%d0%b2%d0%be%d0%b9%d0%bd%d0%be%d0%b9-%d1%81%d0%b0%d0%b2%d0%b0%d0%bd-%d1%81-%d0%ba%d0%b0%d0%bf%d0%bb%d1%8f%d0%bc%d0%b8-%d0%b4%d0%be%d0%b6%d0%b4%d1%8f","title":{"rendered":"\u0414\u0432\u043e\u0439\u043d\u043e\u0439 \u043f\u043e\u043a\u0440\u043e\u0432 \u0441 \u043a\u0430\u043f\u043b\u044f\u043c\u0438 \u0434\u043e\u0436\u0434\u044f"},"content":{"rendered":"<ul>\n<li>\u041c\u043e\u0434\u0435\u043b\u044c:DUB_LIETUS<\/li>\n<li>\u0426\u0432\u0435\u0442: \u0411\u0435\u043b\u044b\u0439<\/li>\n<li>\u041c\u0430\u0442\u0435\u0440\u0438\u0430\u043b: \u0422\u044e\u043b\u044c<\/li>\n<li>\u041f\u0440\u0438\u043c\u0435\u0447\u0430\u043d\u0438\u044f: \u0414\u0432\u043e\u0439\u043d\u043e\u0439 \u0441 \u043a\u0430\u043f\u0435\u043b\u044c\u043a\u0430\u043c\u0438 \u0434\u043e\u0436\u0434\u044f<\/li>\n<\/ul>","protected":false},"excerpt":{"rendered":"<p>Modelis:DUB_LIETUS Kr\u0101sa: Balta Materi\u0101ls: Tills Piez\u012bmes: Dubultais ar lietusl\u0101s\u012bt\u0113m<\/p>","protected":false},"featured_media":6527,"comment_status":"open","ping_status":"closed","template":"","meta":{"_eb_attr":"","_glsr_average":0,"_glsr_ranking":0,"_glsr_reviews":0},"product_brand":[],"product_cat":[55,120],"product_tag":[],"class_list":{"0":"post-6525","1":"product","2":"type-product","3":"status-publish","4":"has-post-thumbnail","6":"product_cat-apbedisanas-piederumi","7":"product_cat-likauti","9":"first","10":"instock","11":"taxable","12":"shipping-taxable","13":"purchasable","14":"product-type-simple"},"_links":{"self":[{"href":"https:\/\/atvadas.lv\/ru\/wp-json\/wp\/v2\/product\/6525","targetHints":{"allow":["GET"]}}],"collection":[{"href":"https:\/\/atvadas.lv\/ru\/wp-json\/wp\/v2\/product"}],"about":[{"href":"https:\/\/atvadas.lv\/ru\/wp-json\/wp\/v2\/types\/product"}],"replies":[{"embeddable":true,"href":"https:\/\/atvadas.lv\/ru\/wp-json\/wp\/v2\/comments?post=6525"}],"wp:featuredmedia":[{"embeddable":true,"href":"https:\/\/atvadas.lv\/ru\/wp-json\/wp\/v2\/media\/6527"}],"wp:attachment":[{"href":"https:\/\/atvadas.lv\/ru\/wp-json\/wp\/v2\/media?parent=6525"}],"wp:term":[{"taxonomy":"product_brand","embeddable":true,"href":"https:\/\/atvadas.lv\/ru\/wp-json\/wp\/v2\/product_brand?post=6525"},{"taxonomy":"product_cat","embeddable":true,"href":"https:\/\/atvadas.lv\/ru\/wp-json\/wp\/v2\/product_cat?post=6525"},{"taxonomy":"product_tag","embeddable":true,"href":"https:\/\/atvadas.lv\/ru\/wp-json\/wp\/v2\/product_tag?post=6525"}],"curies":[{"name":"wp","href":"https:\/\/api.w.org\/{rel}","templated":true}]}}