{"id":6144,"date":"2024-05-16T06:16:53","date_gmt":"2024-05-16T06:16:53","guid":{"rendered":"https:\/\/atvadas.lv\/?post_type=product&#038;p=6144"},"modified":"2025-09-12T11:23:08","modified_gmt":"2025-09-12T11:23:08","slug":"%d0%ba%d0%bb%d0%b0%d1%81%d1%81%d0%b8%d1%87%d0%b5%d1%81%d0%ba%d0%be%d0%b9-%d1%84%d0%be%d1%80%d0%bc%d1%8b-%d0%b4%d0%b5%d1%80%d0%b5%d0%b2%d1%8f%d0%bd%d0%bd%d1%8b%d0%b9-%d0%b3%d1%80%d0%be%d0%b1","status":"publish","type":"product","link":"https:\/\/atvadas.lv\/ru\/%d1%82%d0%be%d0%b2%d0%b0%d1%80\/%d0%ba%d0%bb%d0%b0%d1%81%d1%81%d0%b8%d1%87%d0%b5%d1%81%d0%ba%d0%be%d0%b9-%d1%84%d0%be%d1%80%d0%bc%d1%8b-%d0%b4%d0%b5%d1%80%d0%b5%d0%b2%d1%8f%d0%bd%d0%bd%d1%8b%d0%b9-%d0%b3%d1%80%d0%be%d0%b1","title":{"rendered":"\u0414\u0435\u0440\u0435\u0432\u044f\u043d\u043d\u044b\u0439 \u0433\u0440\u043e\u0431 \u043a\u043b\u0430\u0441\u0441\u0438\u0447\u0435\u0441\u043a\u043e\u0439 \u0444\u043e\u0440\u043c\u044b"},"content":{"rendered":"<ul>\n<li>\u041c\u043e\u0434\u0435\u043b\u044c: VK2<\/li>\n<li>\u0424\u043e\u0440\u043c\u0430: \u041a\u043b\u0430\u0441\u0441\u0438\u0447\u0435\u0441\u043a\u0430\u044f<\/li>\n<li>\u0426\u0432\u0435\u0442: \u0422\u0451\u043c\u043d\u043e-\u043a\u043e\u0440\u0438\u0447\u043d\u0435\u0432\u044b\u0439<\/li>\n<li>\u041c\u0430\u0442\u0435\u0440\u0438\u0430\u043b: \u0441\u043e\u0441\u043d\u0430<\/li>\n<\/ul>","protected":false},"excerpt":{"rendered":"<p>Modelis: VK2 Forma: Klasisk\u0101 Kr\u0101sa: Tum\u0161i br\u016bna Materi\u0101ls: priede<\/p>","protected":false},"featured_media":6145,"comment_status":"open","ping_status":"closed","template":"","meta":{"_eb_attr":"","_glsr_average":0,"_glsr_ranking":0,"_glsr_reviews":0},"product_brand":[],"product_cat":[32],"product_tag":[],"class_list":{"0":"post-6144","1":"product","2":"type-product","3":"status-publish","4":"has-post-thumbnail","6":"product_cat-zarki","8":"first","9":"instock","10":"taxable","11":"shipping-taxable","12":"purchasable","13":"product-type-simple"},"_links":{"self":[{"href":"https:\/\/atvadas.lv\/ru\/wp-json\/wp\/v2\/product\/6144","targetHints":{"allow":["GET"]}}],"collection":[{"href":"https:\/\/atvadas.lv\/ru\/wp-json\/wp\/v2\/product"}],"about":[{"href":"https:\/\/atvadas.lv\/ru\/wp-json\/wp\/v2\/types\/product"}],"replies":[{"embeddable":true,"href":"https:\/\/atvadas.lv\/ru\/wp-json\/wp\/v2\/comments?post=6144"}],"wp:featuredmedia":[{"embeddable":true,"href":"https:\/\/atvadas.lv\/ru\/wp-json\/wp\/v2\/media\/6145"}],"wp:attachment":[{"href":"https:\/\/atvadas.lv\/ru\/wp-json\/wp\/v2\/media?parent=6144"}],"wp:term":[{"taxonomy":"product_brand","embeddable":true,"href":"https:\/\/atvadas.lv\/ru\/wp-json\/wp\/v2\/product_brand?post=6144"},{"taxonomy":"product_cat","embeddable":true,"href":"https:\/\/atvadas.lv\/ru\/wp-json\/wp\/v2\/product_cat?post=6144"},{"taxonomy":"product_tag","embeddable":true,"href":"https:\/\/atvadas.lv\/ru\/wp-json\/wp\/v2\/product_tag?post=6144"}],"curies":[{"name":"wp","href":"https:\/\/api.w.org\/{rel}","templated":true}]}}