{"id":28822,"date":"2025-11-25T14:20:43","date_gmt":"2025-11-25T14:20:43","guid":{"rendered":"https:\/\/atvadas.lv\/?post_type=product&#038;p=28822"},"modified":"2026-02-28T13:28:11","modified_gmt":"2026-02-28T13:28:11","slug":"%d0%bf%d0%be%d0%bb%d0%be%d0%b2%d0%b8%d0%bd%d0%ba%d0%b0-%d1%81%d1%8b%d1%80%d0%b0-%d1%81-%d0%ba%d1%80%d0%b0%d1%81%d0%bd%d0%be%d0%b9-%d1%80%d0%be%d0%b7%d0%be%d0%b9","status":"publish","type":"product","link":"https:\/\/atvadas.lv\/ru\/%d1%82%d0%be%d0%b2%d0%b0%d1%80\/%d0%bf%d0%be%d0%bb%d0%be%d0%b2%d0%b8%d0%bd%d0%ba%d0%b0-%d1%81%d1%8b%d1%80%d0%b0-%d1%81-%d0%ba%d1%80%d0%b0%d1%81%d0%bd%d0%be%d0%b9-%d1%80%d0%be%d0%b7%d0%be%d0%b9","title":{"rendered":"\u0422\u0440\u0430\u0443\u0440\u043d\u044b\u0439 \u0431\u0443\u043a\u0435\u0442 \u0441 \u043a\u0440\u0430\u0441\u043d\u044b\u043c\u0438 \u0440\u043e\u0437\u0430\u043c\u0438"},"content":{"rendered":"<ul>\n<li>\u041c\u043e\u0434\u0435\u043b\u044c: P09<\/li>\n<li>\u0424\u043e\u0440\u043c\u0430: \u043a\u0440\u0435\u043c\u0430\u0446\u0438\u043e\u043d\u043d\u044b\u0439 \u0431\u0443\u043a\u0435\u0442<\/li>\n<li>\u041f\u0440\u0438\u043c\u0435\u0447\u0430\u043d\u0438\u044f. \u0412\u044b\u0440\u0430\u0437\u0438\u0442\u0435\u043b\u044c\u043d\u044b\u0439 \u0446\u0432\u0435\u0442. \u0414\u043b\u044f \u0446\u0435\u0440\u0435\u043c\u043e\u043d\u0438\u0438 \u043a\u0440\u0435\u043c\u0430\u0446\u0438\u0438.<\/li>\n<\/ul>","protected":false},"excerpt":{"rendered":"<p>Modelis: P09 Forma: krem\u0101cijas pu\u0161\u0137is Piez\u012bmes: Pu\u0161\u0137is ar sarkan\u0101m roz\u0113m. Izteiksm\u012bga kr\u0101sa. Krem\u0101cijas ceremonijai.<\/p>","protected":false},"featured_media":28823,"comment_status":"closed","ping_status":"closed","template":"","meta":{"_eb_attr":"","_glsr_average":0,"_glsr_ranking":0,"_glsr_reviews":0},"product_brand":[],"product_cat":[56],"product_tag":[],"class_list":{"0":"post-28822","1":"product","2":"type-product","3":"status-publish","4":"has-post-thumbnail","6":"product_cat-seru-ziedi","8":"first","9":"instock","10":"taxable","11":"shipping-taxable","12":"purchasable","13":"product-type-simple"},"_links":{"self":[{"href":"https:\/\/atvadas.lv\/ru\/wp-json\/wp\/v2\/product\/28822","targetHints":{"allow":["GET"]}}],"collection":[{"href":"https:\/\/atvadas.lv\/ru\/wp-json\/wp\/v2\/product"}],"about":[{"href":"https:\/\/atvadas.lv\/ru\/wp-json\/wp\/v2\/types\/product"}],"replies":[{"embeddable":true,"href":"https:\/\/atvadas.lv\/ru\/wp-json\/wp\/v2\/comments?post=28822"}],"wp:featuredmedia":[{"embeddable":true,"href":"https:\/\/atvadas.lv\/ru\/wp-json\/wp\/v2\/media\/28823"}],"wp:attachment":[{"href":"https:\/\/atvadas.lv\/ru\/wp-json\/wp\/v2\/media?parent=28822"}],"wp:term":[{"taxonomy":"product_brand","embeddable":true,"href":"https:\/\/atvadas.lv\/ru\/wp-json\/wp\/v2\/product_brand?post=28822"},{"taxonomy":"product_cat","embeddable":true,"href":"https:\/\/atvadas.lv\/ru\/wp-json\/wp\/v2\/product_cat?post=28822"},{"taxonomy":"product_tag","embeddable":true,"href":"https:\/\/atvadas.lv\/ru\/wp-json\/wp\/v2\/product_tag?post=28822"}],"curies":[{"name":"wp","href":"https:\/\/api.w.org\/{rel}","templated":true}]}}