{"id":28808,"date":"2025-11-24T14:39:39","date_gmt":"2025-11-24T14:39:39","guid":{"rendered":"https:\/\/atvadas.lv\/?post_type=product&#038;p=28808"},"modified":"2026-02-28T13:15:01","modified_gmt":"2026-02-28T13:15:01","slug":"%d0%b2%d0%b5%d0%bd%d0%be%d0%ba-%d0%b8%d0%b7-%d0%b1%d0%b5%d1%80%d1%83-%d1%81-%d1%80%d0%be%d0%b7%d0%be%d0%b9-%d0%b8-%d0%be%d1%80%d1%85%d0%b8%d0%b4%d0%b5%d0%b5%d0%b9","status":"publish","type":"product","link":"https:\/\/atvadas.lv\/ru\/%d1%82%d0%be%d0%b2%d0%b0%d1%80\/%d0%b2%d0%b5%d0%bd%d0%be%d0%ba-%d0%b8%d0%b7-%d0%b1%d0%b5%d1%80%d1%83-%d1%81-%d1%80%d0%be%d0%b7%d0%be%d0%b9-%d0%b8-%d0%be%d1%80%d1%85%d0%b8%d0%b4%d0%b5%d0%b5%d0%b9","title":{"rendered":"\u0422\u0440\u0430\u0443\u0440\u043d\u044b\u0439 \u0432\u0435\u043d\u043e\u043a \u0441 \u0440\u043e\u0437\u0430\u043c\u0438 \u0438 \u043e\u0440\u0445\u0438\u0434\u0435\u044f\u043c\u0438"},"content":{"rendered":"<ul>\n<li>\u041c\u043e\u0434\u0435\u043b\u044c: S306<\/li>\n<li>\u0424\u043e\u0440\u043c\u0430: schrauss<\/li>\n<li>\u041f\u0440\u0438\u043c\u0435\u0447\u0430\u043d\u0438\u044f<span class=\"hljs-keyword\">mes<\/span>: \u0411\u043e<span class=\"hljs-keyword\">ru<\/span> \u0428\u0442\u0440\u0430\u0443\u0441 <span class=\"hljs-keyword\">\u0447\u0435\u0440\u0435\u0437<\/span> \u0440\u043e\u0437\u0430<span class=\"hljs-keyword\">m<\/span> \u0438 \u043e\u0440\u0445\u0438\u0434\u0435\u0438<span class=\"hljs-keyword\">m<\/span>. \u041a\u043e\u043c\u0431\u0438\u043d\u0438\u0440\u043e\u0432\u0430\u043d\u043d\u044b\u0439<span class=\"hljs-keyword\">\u0446<\/span> \u0441\u043e\u0447\u0435\u0442\u0430\u043d\u0438\u0435 \u0446\u0432\u0435\u0442\u043e\u0432. \u041a\u043e\u043c\u043f\u0430\u043a\u0442\u043d\u0430\u044f \u0444\u043e\u0440\u043c\u0430<span class=\"hljs-keyword\">\u0446<\/span>.<\/li>\n<\/ul>","protected":false},"excerpt":{"rendered":"<p>Modelis: S306 Forma: \u0161trauss Piez\u012bmes: B\u0113ru \u0161trauss ar roz\u0113m un orhidej\u0101m. Kombin\u0113ts ziedu salikums. Kompakts form\u0101ts.<\/p>","protected":false},"featured_media":28809,"comment_status":"closed","ping_status":"closed","template":"","meta":{"_eb_attr":"","_glsr_average":0,"_glsr_ranking":0,"_glsr_reviews":0},"product_brand":[],"product_cat":[56],"product_tag":[],"class_list":{"0":"post-28808","1":"product","2":"type-product","3":"status-publish","4":"has-post-thumbnail","6":"product_cat-seru-ziedi","8":"first","9":"instock","10":"taxable","11":"shipping-taxable","12":"purchasable","13":"product-type-simple"},"_links":{"self":[{"href":"https:\/\/atvadas.lv\/ru\/wp-json\/wp\/v2\/product\/28808","targetHints":{"allow":["GET"]}}],"collection":[{"href":"https:\/\/atvadas.lv\/ru\/wp-json\/wp\/v2\/product"}],"about":[{"href":"https:\/\/atvadas.lv\/ru\/wp-json\/wp\/v2\/types\/product"}],"replies":[{"embeddable":true,"href":"https:\/\/atvadas.lv\/ru\/wp-json\/wp\/v2\/comments?post=28808"}],"wp:featuredmedia":[{"embeddable":true,"href":"https:\/\/atvadas.lv\/ru\/wp-json\/wp\/v2\/media\/28809"}],"wp:attachment":[{"href":"https:\/\/atvadas.lv\/ru\/wp-json\/wp\/v2\/media?parent=28808"}],"wp:term":[{"taxonomy":"product_brand","embeddable":true,"href":"https:\/\/atvadas.lv\/ru\/wp-json\/wp\/v2\/product_brand?post=28808"},{"taxonomy":"product_cat","embeddable":true,"href":"https:\/\/atvadas.lv\/ru\/wp-json\/wp\/v2\/product_cat?post=28808"},{"taxonomy":"product_tag","embeddable":true,"href":"https:\/\/atvadas.lv\/ru\/wp-json\/wp\/v2\/product_tag?post=28808"}],"curies":[{"name":"wp","href":"https:\/\/api.w.org\/{rel}","templated":true}]}}