{"id":28806,"date":"2025-11-24T14:35:21","date_gmt":"2025-11-24T14:35:21","guid":{"rendered":"https:\/\/atvadas.lv\/?post_type=product&#038;p=28806"},"modified":"2026-02-28T13:13:01","modified_gmt":"2026-02-28T13:13:01","slug":"%d0%b2%d0%b5%d0%bd%d0%be%d0%ba-%d0%b8%d0%b7-%d1%81%d1%8b%d1%80%d0%b0-%d1%81-%d0%b1%d0%b5%d0%bb%d0%be%d0%b9-%d1%80%d0%be%d0%b7%d0%be%d0%b9","status":"publish","type":"product","link":"https:\/\/atvadas.lv\/ru\/%d1%82%d0%be%d0%b2%d0%b0%d1%80\/%d0%b2%d0%b5%d0%bd%d0%be%d0%ba-%d0%b8%d0%b7-%d1%81%d1%8b%d1%80%d0%b0-%d1%81-%d0%b1%d0%b5%d0%bb%d0%be%d0%b9-%d1%80%d0%be%d0%b7%d0%be%d0%b9","title":{"rendered":"\u0422\u0440\u0430\u0443\u0440\u043d\u044b\u0439 \u0432\u0435\u043d\u043e\u043a \u0441 \u0431\u0435\u043b\u044b\u043c\u0438 \u0440\u043e\u0437\u0430\u043c\u0438"},"content":{"rendered":"<ul>\n<li>\u041c\u043e\u0434\u0435\u043b\u044c: V302<\/li>\n<li>\u0424\u043e\u0440\u043c\u0430: \u0434\u0438\u0430\u043c\u0435\u0442\u0440 80 \u0441\u043c<\/li>\n<li>\u041f\u0440\u0438\u043c\u0435\u0447\u0430\u043d\u0438\u044f. \u0426\u0432\u0435\u0442\u044b \u0432\u044b\u0441\u043e\u043a\u043e\u0433\u043e \u043a\u0430\u0447\u0435\u0441\u0442\u0432\u0430. \u041f\u043e\u0434\u0445\u043e\u0434\u044f\u0442 \u0434\u043b\u044f \u043e\u0441\u043e\u0431\u044b\u0445 \u0446\u0435\u0440\u0435\u043c\u043e\u043d\u0438\u0439.<\/li>\n<\/ul>","protected":false},"excerpt":{"rendered":"<p>Modelis: V302 Forma: 80cm diametrs Piez\u012bmes: Vainags ar balt\u0101m roz\u0113m. Augstv\u0113rt\u012bgi ziedi. Piem\u0113rots \u012bpa\u0161\u0101m ceremonij\u0101m.<\/p>","protected":false},"featured_media":28807,"comment_status":"closed","ping_status":"closed","template":"","meta":{"_eb_attr":"","_glsr_average":0,"_glsr_ranking":0,"_glsr_reviews":0},"product_brand":[],"product_cat":[56],"product_tag":[],"class_list":{"0":"post-28806","1":"product","2":"type-product","3":"status-publish","4":"has-post-thumbnail","6":"product_cat-seru-ziedi","8":"first","9":"instock","10":"taxable","11":"shipping-taxable","12":"purchasable","13":"product-type-simple"},"_links":{"self":[{"href":"https:\/\/atvadas.lv\/ru\/wp-json\/wp\/v2\/product\/28806","targetHints":{"allow":["GET"]}}],"collection":[{"href":"https:\/\/atvadas.lv\/ru\/wp-json\/wp\/v2\/product"}],"about":[{"href":"https:\/\/atvadas.lv\/ru\/wp-json\/wp\/v2\/types\/product"}],"replies":[{"embeddable":true,"href":"https:\/\/atvadas.lv\/ru\/wp-json\/wp\/v2\/comments?post=28806"}],"wp:featuredmedia":[{"embeddable":true,"href":"https:\/\/atvadas.lv\/ru\/wp-json\/wp\/v2\/media\/28807"}],"wp:attachment":[{"href":"https:\/\/atvadas.lv\/ru\/wp-json\/wp\/v2\/media?parent=28806"}],"wp:term":[{"taxonomy":"product_brand","embeddable":true,"href":"https:\/\/atvadas.lv\/ru\/wp-json\/wp\/v2\/product_brand?post=28806"},{"taxonomy":"product_cat","embeddable":true,"href":"https:\/\/atvadas.lv\/ru\/wp-json\/wp\/v2\/product_cat?post=28806"},{"taxonomy":"product_tag","embeddable":true,"href":"https:\/\/atvadas.lv\/ru\/wp-json\/wp\/v2\/product_tag?post=28806"}],"curies":[{"name":"wp","href":"https:\/\/api.w.org\/{rel}","templated":true}]}}