{"id":28791,"date":"2025-11-24T13:53:36","date_gmt":"2025-11-24T13:53:36","guid":{"rendered":"https:\/\/atvadas.lv\/?post_type=product&#038;p=28791"},"modified":"2026-02-27T18:10:35","modified_gmt":"2026-02-27T18:10:35","slug":"%d0%b2%d0%b5%d0%bd%d0%be%d0%ba-%d0%b8%d0%b7-%d1%81%d0%b5%d1%80%d0%b0%d0%bb%d1%8f-%d1%81-%d0%b6%d0%b5%d0%bb%d1%82%d1%8b%d0%bc%d0%b8-%d1%86%d0%b2%d0%b5%d1%82%d0%b0%d0%bc%d0%b8","status":"publish","type":"product","link":"https:\/\/atvadas.lv\/ru\/%d1%82%d0%be%d0%b2%d0%b0%d1%80\/%d0%b2%d0%b5%d0%bd%d0%be%d0%ba-%d0%b8%d0%b7-%d1%81%d0%b5%d1%80%d0%b0%d0%bb%d1%8f-%d1%81-%d0%b6%d0%b5%d0%bb%d1%82%d1%8b%d0%bc%d0%b8-%d1%86%d0%b2%d0%b5%d1%82%d0%b0%d0%bc%d0%b8","title":{"rendered":"\u0422\u0440\u0430\u0443\u0440\u043d\u044b\u0439 \u0432\u0435\u043d\u043e\u043a \u0441 \u0436\u0435\u043b\u0442\u044b\u043c\u0438 \u0446\u0432\u0435\u0442\u0430\u043c\u0438"},"content":{"rendered":"<ul>\n<li>\u041c\u043e\u0434\u0435\u043b\u044c: S158<\/li>\n<li>\u0424\u043e\u0440\u043c\u0430: schrauss<\/li>\n<li>\u041d\u043e\u0442\u044b:\u0421\u0442\u0440\u0430\u0443\u0441 \u0441 \u0436\u0435\u043b\u0442\u044b\u043c\u0438 \u0446\u0432\u0435\u0442\u0430\u043c\u0438. \u041b\u0435\u0433\u043a\u043e\u0435 \u0441\u043e\u0447\u0435\u0442\u0430\u043d\u0438\u0435 \u043e\u0442\u0442\u0435\u043d\u043a\u043e\u0432. \u041f\u0440\u0430\u043a\u0442\u0438\u0447\u043d\u043e\u0435 \u0440\u0435\u0448\u0435\u043d\u0438\u0435.<\/li>\n<\/ul>","protected":false},"excerpt":{"rendered":"<p>Modelis: S158 Forma: \u0161trauss Piez\u012bmes: \u0160trauss ar dzelteniem ziediem. Gai\u0161s to\u0146u salikums. Praktisks risin\u0101jums.<\/p>","protected":false},"featured_media":28792,"comment_status":"closed","ping_status":"closed","template":"","meta":{"_eb_attr":"","_glsr_average":0,"_glsr_ranking":0,"_glsr_reviews":0},"product_brand":[],"product_cat":[56],"product_tag":[],"class_list":{"0":"post-28791","1":"product","2":"type-product","3":"status-publish","4":"has-post-thumbnail","6":"product_cat-seru-ziedi","8":"first","9":"instock","10":"taxable","11":"shipping-taxable","12":"purchasable","13":"product-type-simple"},"_links":{"self":[{"href":"https:\/\/atvadas.lv\/ru\/wp-json\/wp\/v2\/product\/28791","targetHints":{"allow":["GET"]}}],"collection":[{"href":"https:\/\/atvadas.lv\/ru\/wp-json\/wp\/v2\/product"}],"about":[{"href":"https:\/\/atvadas.lv\/ru\/wp-json\/wp\/v2\/types\/product"}],"replies":[{"embeddable":true,"href":"https:\/\/atvadas.lv\/ru\/wp-json\/wp\/v2\/comments?post=28791"}],"wp:featuredmedia":[{"embeddable":true,"href":"https:\/\/atvadas.lv\/ru\/wp-json\/wp\/v2\/media\/28792"}],"wp:attachment":[{"href":"https:\/\/atvadas.lv\/ru\/wp-json\/wp\/v2\/media?parent=28791"}],"wp:term":[{"taxonomy":"product_brand","embeddable":true,"href":"https:\/\/atvadas.lv\/ru\/wp-json\/wp\/v2\/product_brand?post=28791"},{"taxonomy":"product_cat","embeddable":true,"href":"https:\/\/atvadas.lv\/ru\/wp-json\/wp\/v2\/product_cat?post=28791"},{"taxonomy":"product_tag","embeddable":true,"href":"https:\/\/atvadas.lv\/ru\/wp-json\/wp\/v2\/product_tag?post=28791"}],"curies":[{"name":"wp","href":"https:\/\/api.w.org\/{rel}","templated":true}]}}