{"id":28775,"date":"2025-11-21T16:08:41","date_gmt":"2025-11-21T16:08:41","guid":{"rendered":"https:\/\/atvadas.lv\/?post_type=product&#038;p=28775"},"modified":"2026-02-27T17:35:22","modified_gmt":"2026-02-27T17:35:22","slug":"%d0%bd%d0%b5%d0%b6%d0%bd%d1%8b%d0%b9-%d1%8f%d0%b3%d0%be%d0%b4%d0%bd%d1%8b%d0%b9-%d0%b2%d0%b5%d0%bd%d0%be%d0%ba-%d1%81-%d0%b3%d0%b5%d1%80%d0%b1%d0%b5%d1%80%d0%be%d0%b9","status":"publish","type":"product","link":"https:\/\/atvadas.lv\/ru\/%d1%82%d0%be%d0%b2%d0%b0%d1%80\/%d0%bd%d0%b5%d0%b6%d0%bd%d1%8b%d0%b9-%d1%8f%d0%b3%d0%be%d0%b4%d0%bd%d1%8b%d0%b9-%d0%b2%d0%b5%d0%bd%d0%be%d0%ba-%d1%81-%d0%b3%d0%b5%d1%80%d0%b1%d0%b5%d1%80%d0%be%d0%b9","title":{"rendered":"\u041d\u0435\u0436\u043d\u044b\u0439 \u043f\u043e\u0445\u043e\u0440\u043e\u043d\u043d\u044b\u0439 \u0432\u0435\u043d\u043e\u043a \u0441 \u0433\u0435\u0440\u0431\u0435\u0440\u0430\u043c\u0438"},"content":{"rendered":"<ul>\n<li>\u041c\u043e\u0434\u0435\u043b\u044c: V90<\/li>\n<li>\u0424\u043e\u0440\u043c\u0430: <span class=\"hljs-number\">90<\/span><span class=\"hljs-keyword\">\u0441\u043c<\/span> \u0434\u0438\u0430\u043c\u0435\u0442\u0440<\/li>\n<li>\u041f\u0440\u0438\u043c\u0435\u0447\u0430\u043d\u0438\u044f<span class=\"hljs-keyword\">mes<\/span>: \u041a\u043e\u0440\u043e\u043d\u0430 <span class=\"hljs-keyword\">\u0447\u0435\u0440\u0435\u0437<\/span> \u0432 \u0413\u0435\u0440\u0431\u0435\u0440\u0435<span class=\"hljs-keyword\">m<\/span> \u043d\u0430 \u0441\u0432\u0435\u0442\u0443 <span class=\"hljs-keyword\">\u0432<\/span>\u0412. \u041c\u044f\u0433\u043a\u0438\u0435 \u0446\u0432\u0435\u0442\u0430. \u0421\u0432\u0435\u0442\u044f\u0449\u0438\u0435\u0441\u044f \u0438 \u043d\u0435\u0436\u043d\u044b\u0435<span class=\"hljs-keyword\">\u042d\u0442\u043e<\/span> \u0421\u043e\u0441\u0442\u0430\u0432.<\/li>\n<\/ul>","protected":false},"excerpt":{"rendered":"<p>Modelis: V90 Forma: 90cm diametrs Piez\u012bmes: Vainags ar gerber\u0101m gai\u0161os to\u0146os. Maiga kr\u0101su gamma. Gaismaina un delik\u0101ta kompoz\u012bcija.<\/p>","protected":false},"featured_media":28800,"comment_status":"closed","ping_status":"closed","template":"","meta":{"_eb_attr":"","_glsr_average":0,"_glsr_ranking":0,"_glsr_reviews":0},"product_brand":[],"product_cat":[56],"product_tag":[],"class_list":{"0":"post-28775","1":"product","2":"type-product","3":"status-publish","4":"has-post-thumbnail","6":"product_cat-seru-ziedi","8":"first","9":"instock","10":"taxable","11":"shipping-taxable","12":"purchasable","13":"product-type-simple"},"_links":{"self":[{"href":"https:\/\/atvadas.lv\/ru\/wp-json\/wp\/v2\/product\/28775","targetHints":{"allow":["GET"]}}],"collection":[{"href":"https:\/\/atvadas.lv\/ru\/wp-json\/wp\/v2\/product"}],"about":[{"href":"https:\/\/atvadas.lv\/ru\/wp-json\/wp\/v2\/types\/product"}],"replies":[{"embeddable":true,"href":"https:\/\/atvadas.lv\/ru\/wp-json\/wp\/v2\/comments?post=28775"}],"wp:featuredmedia":[{"embeddable":true,"href":"https:\/\/atvadas.lv\/ru\/wp-json\/wp\/v2\/media\/28800"}],"wp:attachment":[{"href":"https:\/\/atvadas.lv\/ru\/wp-json\/wp\/v2\/media?parent=28775"}],"wp:term":[{"taxonomy":"product_brand","embeddable":true,"href":"https:\/\/atvadas.lv\/ru\/wp-json\/wp\/v2\/product_brand?post=28775"},{"taxonomy":"product_cat","embeddable":true,"href":"https:\/\/atvadas.lv\/ru\/wp-json\/wp\/v2\/product_cat?post=28775"},{"taxonomy":"product_tag","embeddable":true,"href":"https:\/\/atvadas.lv\/ru\/wp-json\/wp\/v2\/product_tag?post=28775"}],"curies":[{"name":"wp","href":"https:\/\/api.w.org\/{rel}","templated":true}]}}