{"id":28755,"date":"2025-11-21T15:18:41","date_gmt":"2025-11-21T15:18:41","guid":{"rendered":"https:\/\/atvadas.lv\/?post_type=product&#038;p=28755"},"modified":"2026-02-27T17:38:23","modified_gmt":"2026-02-27T17:38:23","slug":"%d0%b2%d0%b5%d0%bd%d0%be%d0%ba-%d0%b8%d0%b7-%d1%80%d0%be%d0%b7-%d1%85%d1%80%d0%b8%d0%b7%d0%b0%d0%bd%d1%82%d0%b5%d0%bc","status":"publish","type":"product","link":"https:\/\/atvadas.lv\/ru\/%d1%82%d0%be%d0%b2%d0%b0%d1%80\/%d0%b2%d0%b5%d0%bd%d0%be%d0%ba-%d0%b8%d0%b7-%d1%80%d0%be%d0%b7-%d1%85%d1%80%d0%b8%d0%b7%d0%b0%d0%bd%d1%82%d0%b5%d0%bc","title":{"rendered":"\u0422\u0440\u0430\u0443\u0440\u043d\u044b\u0439 \u0432\u0435\u043d\u043e\u043a \u0420\u043e\u0437\u044b \u0425\u0440\u0438\u0437\u0430\u043d\u0442\u0435\u043c\u044b"},"content":{"rendered":"<ul>\n<li>\u041c\u043e\u0434\u0435\u043b\u044c: V10<\/li>\n<li>\u0424\u043e\u0440\u043c\u0430: \u0434\u0438\u0430\u043c\u0435\u0442\u0440 110 \u0441\u043c<\/li>\n<li>\u041d\u043e\u0442\u044b: \u0431\u043e\u043b\u044c\u0448\u043e\u0439 \u0432\u0435\u043d\u043e\u043a \u0441 \u0440\u043e\u0437\u0430\u043c\u0438 \u0438 \u0445\u0440\u0438\u0437\u0430\u043d\u0442\u0435\u043c\u0430\u043c\u0438. \u0422\u0440\u0430\u0434\u0438\u0446\u0438\u043e\u043d\u043d\u0430\u044f \u0446\u0432\u0435\u0442\u043e\u0447\u043d\u0430\u044f \u043a\u043e\u043c\u043f\u043e\u0437\u0438\u0446\u0438\u044f \u0434\u043b\u044f \u0446\u0435\u0440\u0435\u043c\u043e\u043d\u0438\u0438.<\/li>\n<\/ul>","protected":false},"excerpt":{"rendered":"<p>Modelis: V10 Forma: 110cm diametrs Piez\u012bmes: Lielform\u0101ta vainags ar roz\u0113m un krizant\u0113m\u0101m. Tradicion\u0101ls ziedu salikums ceremonijai.<\/p>","protected":false},"featured_media":28756,"comment_status":"closed","ping_status":"closed","template":"","meta":{"_eb_attr":"","_glsr_average":0,"_glsr_ranking":0,"_glsr_reviews":0},"product_brand":[],"product_cat":[56],"product_tag":[],"class_list":{"0":"post-28755","1":"product","2":"type-product","3":"status-publish","4":"has-post-thumbnail","6":"product_cat-seru-ziedi","8":"first","9":"instock","10":"taxable","11":"shipping-taxable","12":"purchasable","13":"product-type-simple"},"_links":{"self":[{"href":"https:\/\/atvadas.lv\/ru\/wp-json\/wp\/v2\/product\/28755","targetHints":{"allow":["GET"]}}],"collection":[{"href":"https:\/\/atvadas.lv\/ru\/wp-json\/wp\/v2\/product"}],"about":[{"href":"https:\/\/atvadas.lv\/ru\/wp-json\/wp\/v2\/types\/product"}],"replies":[{"embeddable":true,"href":"https:\/\/atvadas.lv\/ru\/wp-json\/wp\/v2\/comments?post=28755"}],"wp:featuredmedia":[{"embeddable":true,"href":"https:\/\/atvadas.lv\/ru\/wp-json\/wp\/v2\/media\/28756"}],"wp:attachment":[{"href":"https:\/\/atvadas.lv\/ru\/wp-json\/wp\/v2\/media?parent=28755"}],"wp:term":[{"taxonomy":"product_brand","embeddable":true,"href":"https:\/\/atvadas.lv\/ru\/wp-json\/wp\/v2\/product_brand?post=28755"},{"taxonomy":"product_cat","embeddable":true,"href":"https:\/\/atvadas.lv\/ru\/wp-json\/wp\/v2\/product_cat?post=28755"},{"taxonomy":"product_tag","embeddable":true,"href":"https:\/\/atvadas.lv\/ru\/wp-json\/wp\/v2\/product_tag?post=28755"}],"curies":[{"name":"wp","href":"https:\/\/api.w.org\/{rel}","templated":true}]}}