{"id":8342,"date":"2024-05-23T04:23:32","date_gmt":"2024-05-23T04:23:32","guid":{"rendered":"https:\/\/atvadas.lv\/?post_type=product&#038;p=8342"},"modified":"2025-09-12T12:46:41","modified_gmt":"2025-09-12T12:46:41","slug":"sieviesu-kleita","status":"publish","type":"product","link":"https:\/\/atvadas.lv\/lv\/prece\/sieviesu-kleita","title":{"rendered":"Sievie\u0161u kleita"},"content":{"rendered":"<ul>\n<li>Modelis: KLEITA_1<\/li>\n<li>Piez\u012bmes: da\u017e\u0101du kr\u0101su un izm\u0113ru<\/li>\n<\/ul>\n","protected":false},"excerpt":{"rendered":"<p>Modelis: KLEITA_1 Piez\u012bmes: da\u017e\u0101du kr\u0101su un izm\u0113ru<\/p>\n","protected":false},"featured_media":8344,"comment_status":"open","ping_status":"closed","template":"","meta":{"_eb_attr":"","_glsr_average":0,"_glsr_ranking":0,"_glsr_reviews":0},"product_brand":[],"product_cat":[57],"product_tag":[],"class_list":{"0":"post-8342","1":"product","2":"type-product","3":"status-publish","4":"has-post-thumbnail","6":"product_cat-beru-apgerbs","8":"first","9":"instock","10":"taxable","11":"shipping-taxable","12":"purchasable","13":"product-type-simple"},"_links":{"self":[{"href":"https:\/\/atvadas.lv\/lv\/wp-json\/wp\/v2\/product\/8342","targetHints":{"allow":["GET"]}}],"collection":[{"href":"https:\/\/atvadas.lv\/lv\/wp-json\/wp\/v2\/product"}],"about":[{"href":"https:\/\/atvadas.lv\/lv\/wp-json\/wp\/v2\/types\/product"}],"replies":[{"embeddable":true,"href":"https:\/\/atvadas.lv\/lv\/wp-json\/wp\/v2\/comments?post=8342"}],"wp:featuredmedia":[{"embeddable":true,"href":"https:\/\/atvadas.lv\/lv\/wp-json\/wp\/v2\/media\/8344"}],"wp:attachment":[{"href":"https:\/\/atvadas.lv\/lv\/wp-json\/wp\/v2\/media?parent=8342"}],"wp:term":[{"taxonomy":"product_brand","embeddable":true,"href":"https:\/\/atvadas.lv\/lv\/wp-json\/wp\/v2\/product_brand?post=8342"},{"taxonomy":"product_cat","embeddable":true,"href":"https:\/\/atvadas.lv\/lv\/wp-json\/wp\/v2\/product_cat?post=8342"},{"taxonomy":"product_tag","embeddable":true,"href":"https:\/\/atvadas.lv\/lv\/wp-json\/wp\/v2\/product_tag?post=8342"}],"curies":[{"name":"wp","href":"https:\/\/api.w.org\/{rel}","templated":true}]}}