{"id":6556,"date":"2024-05-16T12:17:12","date_gmt":"2024-05-16T12:17:12","guid":{"rendered":"https:\/\/atvadas.lv\/?post_type=product&#038;p=6556"},"modified":"2025-09-12T09:25:08","modified_gmt":"2025-09-12T09:25:08","slug":"balta-atlasa-lenta","status":"publish","type":"product","link":"https:\/\/atvadas.lv\/lv\/prece\/balta-atlasa-lenta","title":{"rendered":"Balta atlasa lenta"},"content":{"rendered":"<ul>\n<li>Modelis:LENTA_B<\/li>\n<li>Kr\u0101sa: Balta<\/li>\n<li>Materi\u0101ls: Atlass<\/li>\n<li>Piez\u012bmes: Balta atlasa lenta<\/li>\n<\/ul>\n","protected":false},"excerpt":{"rendered":"<p>Modelis:LENTA_B Kr\u0101sa: Balta Materi\u0101ls: Atlass Piez\u012bmes: Balta atlasa lenta<\/p>\n","protected":false},"featured_media":7569,"comment_status":"open","ping_status":"closed","template":"","meta":{"_eb_attr":"","_glsr_average":0,"_glsr_ranking":0,"_glsr_reviews":0},"product_brand":[],"product_cat":[55,122],"product_tag":[],"class_list":{"0":"post-6556","1":"product","2":"type-product","3":"status-publish","4":"has-post-thumbnail","6":"product_cat-apbedisanas-piederumi","7":"product_cat-lentes-vainagiem","9":"first","10":"instock","11":"taxable","12":"shipping-taxable","13":"purchasable","14":"product-type-simple"},"_links":{"self":[{"href":"https:\/\/atvadas.lv\/lv\/wp-json\/wp\/v2\/product\/6556","targetHints":{"allow":["GET"]}}],"collection":[{"href":"https:\/\/atvadas.lv\/lv\/wp-json\/wp\/v2\/product"}],"about":[{"href":"https:\/\/atvadas.lv\/lv\/wp-json\/wp\/v2\/types\/product"}],"replies":[{"embeddable":true,"href":"https:\/\/atvadas.lv\/lv\/wp-json\/wp\/v2\/comments?post=6556"}],"wp:featuredmedia":[{"embeddable":true,"href":"https:\/\/atvadas.lv\/lv\/wp-json\/wp\/v2\/media\/7569"}],"wp:attachment":[{"href":"https:\/\/atvadas.lv\/lv\/wp-json\/wp\/v2\/media?parent=6556"}],"wp:term":[{"taxonomy":"product_brand","embeddable":true,"href":"https:\/\/atvadas.lv\/lv\/wp-json\/wp\/v2\/product_brand?post=6556"},{"taxonomy":"product_cat","embeddable":true,"href":"https:\/\/atvadas.lv\/lv\/wp-json\/wp\/v2\/product_cat?post=6556"},{"taxonomy":"product_tag","embeddable":true,"href":"https:\/\/atvadas.lv\/lv\/wp-json\/wp\/v2\/product_tag?post=6556"}],"curies":[{"name":"wp","href":"https:\/\/api.w.org\/{rel}","templated":true}]}}