{"id":6554,"date":"2024-05-16T12:16:32","date_gmt":"2024-05-16T12:16:32","guid":{"rendered":"https:\/\/atvadas.lv\/?post_type=product&#038;p=6554"},"modified":"2025-09-12T12:46:13","modified_gmt":"2025-09-12T12:46:13","slug":"plaksne-zelta-krasa","status":"publish","type":"product","link":"https:\/\/atvadas.lv\/lv\/prece\/plaksne-zelta-krasa","title":{"rendered":"Pl\u0101ksne zelta kr\u0101s\u0101"},"content":{"rendered":"<ul>\n<li>Modelis: PL_ZELTA<\/li>\n<li>Kr\u0101sa: Zelta<\/li>\n<li>Materi\u0101ls: Plastmasa<\/li>\n<li>Piez\u012bmes: melns uzraksts uz zelta fona<\/li>\n<\/ul>\n","protected":false},"excerpt":{"rendered":"<p>Modelis: PL_ZELTA Kr\u0101sa: Zelta Materi\u0101ls: Plastmasa Piez\u012bmes: melns uzraksts uz zelta fona<\/p>\n","protected":false},"featured_media":0,"comment_status":"open","ping_status":"closed","template":"","meta":{"_eb_attr":"","_glsr_average":0,"_glsr_ranking":0,"_glsr_reviews":0},"product_brand":[],"product_cat":[55,119],"product_tag":[],"class_list":{"0":"post-6554","1":"product","2":"type-product","3":"status-publish","5":"product_cat-apbedisanas-piederumi","6":"product_cat-krusti","8":"first","9":"instock","10":"taxable","11":"shipping-taxable","12":"purchasable","13":"product-type-simple"},"_links":{"self":[{"href":"https:\/\/atvadas.lv\/lv\/wp-json\/wp\/v2\/product\/6554","targetHints":{"allow":["GET"]}}],"collection":[{"href":"https:\/\/atvadas.lv\/lv\/wp-json\/wp\/v2\/product"}],"about":[{"href":"https:\/\/atvadas.lv\/lv\/wp-json\/wp\/v2\/types\/product"}],"replies":[{"embeddable":true,"href":"https:\/\/atvadas.lv\/lv\/wp-json\/wp\/v2\/comments?post=6554"}],"wp:attachment":[{"href":"https:\/\/atvadas.lv\/lv\/wp-json\/wp\/v2\/media?parent=6554"}],"wp:term":[{"taxonomy":"product_brand","embeddable":true,"href":"https:\/\/atvadas.lv\/lv\/wp-json\/wp\/v2\/product_brand?post=6554"},{"taxonomy":"product_cat","embeddable":true,"href":"https:\/\/atvadas.lv\/lv\/wp-json\/wp\/v2\/product_cat?post=6554"},{"taxonomy":"product_tag","embeddable":true,"href":"https:\/\/atvadas.lv\/lv\/wp-json\/wp\/v2\/product_tag?post=6554"}],"curies":[{"name":"wp","href":"https:\/\/api.w.org\/{rel}","templated":true}]}}