{"id":6551,"date":"2024-05-16T12:13:01","date_gmt":"2024-05-16T12:13:01","guid":{"rendered":"https:\/\/atvadas.lv\/?post_type=product&#038;p=6551"},"modified":"2025-09-12T12:45:36","modified_gmt":"2025-09-12T12:45:36","slug":"plaksne-melna-krasa","status":"publish","type":"product","link":"https:\/\/atvadas.lv\/lv\/prece\/plaksne-melna-krasa","title":{"rendered":"Pl\u0101ksne meln\u0101 kr\u0101s\u0101"},"content":{"rendered":"<ul>\n<li>Modelis: PL_MELNA<\/li>\n<li>Kr\u0101sa: Melna<\/li>\n<li>Materi\u0101ls: Plastmasa<\/li>\n<li>Piez\u012bmes: balts uzraksts uz melna fona<\/li>\n<\/ul>\n","protected":false},"excerpt":{"rendered":"<p>Modelis: PL_MELNA Kr\u0101sa: Melna Materi\u0101ls: Plastmasa Piez\u012bmes: balts uzraksts uz melna fona<\/p>\n","protected":false},"featured_media":6552,"comment_status":"open","ping_status":"closed","template":"","meta":{"_eb_attr":"","_glsr_average":0,"_glsr_ranking":0,"_glsr_reviews":0},"product_brand":[],"product_cat":[55,119],"product_tag":[],"class_list":{"0":"post-6551","1":"product","2":"type-product","3":"status-publish","4":"has-post-thumbnail","6":"product_cat-apbedisanas-piederumi","7":"product_cat-krusti","9":"first","10":"instock","11":"taxable","12":"shipping-taxable","13":"purchasable","14":"product-type-simple"},"_links":{"self":[{"href":"https:\/\/atvadas.lv\/lv\/wp-json\/wp\/v2\/product\/6551","targetHints":{"allow":["GET"]}}],"collection":[{"href":"https:\/\/atvadas.lv\/lv\/wp-json\/wp\/v2\/product"}],"about":[{"href":"https:\/\/atvadas.lv\/lv\/wp-json\/wp\/v2\/types\/product"}],"replies":[{"embeddable":true,"href":"https:\/\/atvadas.lv\/lv\/wp-json\/wp\/v2\/comments?post=6551"}],"wp:featuredmedia":[{"embeddable":true,"href":"https:\/\/atvadas.lv\/lv\/wp-json\/wp\/v2\/media\/6552"}],"wp:attachment":[{"href":"https:\/\/atvadas.lv\/lv\/wp-json\/wp\/v2\/media?parent=6551"}],"wp:term":[{"taxonomy":"product_brand","embeddable":true,"href":"https:\/\/atvadas.lv\/lv\/wp-json\/wp\/v2\/product_brand?post=6551"},{"taxonomy":"product_cat","embeddable":true,"href":"https:\/\/atvadas.lv\/lv\/wp-json\/wp\/v2\/product_cat?post=6551"},{"taxonomy":"product_tag","embeddable":true,"href":"https:\/\/atvadas.lv\/lv\/wp-json\/wp\/v2\/product_tag?post=6551"}],"curies":[{"name":"wp","href":"https:\/\/api.w.org\/{rel}","templated":true}]}}