{"id":6547,"date":"2024-05-16T12:07:48","date_gmt":"2024-05-16T12:07:48","guid":{"rendered":"https:\/\/atvadas.lv\/?post_type=product&#038;p=6547"},"modified":"2025-09-12T12:48:12","modified_gmt":"2025-09-12T12:48:12","slug":"tilla-likauts-ar-pareizticigo-krustu","status":"publish","type":"product","link":"https:\/\/atvadas.lv\/lv\/prece\/tilla-likauts-ar-pareizticigo-krustu","title":{"rendered":"Tilla l\u012b\u0137auts ar pareiztic\u012bgo krustu"},"content":{"rendered":"<ul>\n<li>Modelis:TILLA_PT<\/li>\n<li>Kr\u0101sa: Balta<\/li>\n<li>Materi\u0101ls: Tills<\/li>\n<li>Piez\u012bmes: ar pareiztic\u012bgo krustu<\/li>\n<\/ul>\n","protected":false},"excerpt":{"rendered":"<p>Modelis:TILLA_PT Kr\u0101sa: Balta Materi\u0101ls: Tills Piez\u012bmes: ar pareiztic\u012bgo krustu<\/p>\n","protected":false},"featured_media":6548,"comment_status":"open","ping_status":"closed","template":"","meta":{"_eb_attr":"","_glsr_average":0,"_glsr_ranking":0,"_glsr_reviews":0},"product_brand":[],"product_cat":[55,119,120],"product_tag":[],"class_list":{"0":"post-6547","1":"product","2":"type-product","3":"status-publish","4":"has-post-thumbnail","6":"product_cat-apbedisanas-piederumi","7":"product_cat-krusti","8":"product_cat-likauti","10":"first","11":"instock","12":"taxable","13":"shipping-taxable","14":"purchasable","15":"product-type-simple"},"_links":{"self":[{"href":"https:\/\/atvadas.lv\/lv\/wp-json\/wp\/v2\/product\/6547","targetHints":{"allow":["GET"]}}],"collection":[{"href":"https:\/\/atvadas.lv\/lv\/wp-json\/wp\/v2\/product"}],"about":[{"href":"https:\/\/atvadas.lv\/lv\/wp-json\/wp\/v2\/types\/product"}],"replies":[{"embeddable":true,"href":"https:\/\/atvadas.lv\/lv\/wp-json\/wp\/v2\/comments?post=6547"}],"wp:featuredmedia":[{"embeddable":true,"href":"https:\/\/atvadas.lv\/lv\/wp-json\/wp\/v2\/media\/6548"}],"wp:attachment":[{"href":"https:\/\/atvadas.lv\/lv\/wp-json\/wp\/v2\/media?parent=6547"}],"wp:term":[{"taxonomy":"product_brand","embeddable":true,"href":"https:\/\/atvadas.lv\/lv\/wp-json\/wp\/v2\/product_brand?post=6547"},{"taxonomy":"product_cat","embeddable":true,"href":"https:\/\/atvadas.lv\/lv\/wp-json\/wp\/v2\/product_cat?post=6547"},{"taxonomy":"product_tag","embeddable":true,"href":"https:\/\/atvadas.lv\/lv\/wp-json\/wp\/v2\/product_tag?post=6547"}],"curies":[{"name":"wp","href":"https:\/\/api.w.org\/{rel}","templated":true}]}}