{"id":6534,"date":"2024-05-16T11:58:31","date_gmt":"2024-05-16T11:58:31","guid":{"rendered":"https:\/\/atvadas.lv\/?post_type=product&#038;p=6534"},"modified":"2024-09-13T06:51:03","modified_gmt":"2024-09-13T06:51:03","slug":"tilla-likauts-ar-kallu","status":"publish","type":"product","link":"https:\/\/atvadas.lv\/lv\/prece\/tilla-likauts-ar-kallu","title":{"rendered":"Tilla l\u012b\u0137auts ar kallu"},"content":{"rendered":"<ul>\n<li>Modelis: TILLA_KALLA<\/li>\n<li>Kr\u0101sa: Balta<\/li>\n<li>Materi\u0101ls: Tills<\/li>\n<li>Piez\u012bmes: ar kallu<\/li>\n<\/ul>\n","protected":false},"excerpt":{"rendered":"<p>Modelis: TILLA_KALLA Kr\u0101sa: Balta Materi\u0101ls: Tills Piez\u012bmes: ar kallu<\/p>\n","protected":false},"featured_media":6535,"comment_status":"open","ping_status":"closed","template":"","meta":{"_eb_attr":"","_glsr_average":0,"_glsr_ranking":0,"_glsr_reviews":0},"product_brand":[],"product_cat":[55,120],"product_tag":[],"class_list":{"0":"post-6534","1":"product","2":"type-product","3":"status-publish","4":"has-post-thumbnail","6":"product_cat-apbedisanas-piederumi","7":"product_cat-likauti","9":"first","10":"instock","11":"taxable","12":"shipping-taxable","13":"purchasable","14":"product-type-simple"},"_links":{"self":[{"href":"https:\/\/atvadas.lv\/lv\/wp-json\/wp\/v2\/product\/6534","targetHints":{"allow":["GET"]}}],"collection":[{"href":"https:\/\/atvadas.lv\/lv\/wp-json\/wp\/v2\/product"}],"about":[{"href":"https:\/\/atvadas.lv\/lv\/wp-json\/wp\/v2\/types\/product"}],"replies":[{"embeddable":true,"href":"https:\/\/atvadas.lv\/lv\/wp-json\/wp\/v2\/comments?post=6534"}],"wp:featuredmedia":[{"embeddable":true,"href":"https:\/\/atvadas.lv\/lv\/wp-json\/wp\/v2\/media\/6535"}],"wp:attachment":[{"href":"https:\/\/atvadas.lv\/lv\/wp-json\/wp\/v2\/media?parent=6534"}],"wp:term":[{"taxonomy":"product_brand","embeddable":true,"href":"https:\/\/atvadas.lv\/lv\/wp-json\/wp\/v2\/product_brand?post=6534"},{"taxonomy":"product_cat","embeddable":true,"href":"https:\/\/atvadas.lv\/lv\/wp-json\/wp\/v2\/product_cat?post=6534"},{"taxonomy":"product_tag","embeddable":true,"href":"https:\/\/atvadas.lv\/lv\/wp-json\/wp\/v2\/product_tag?post=6534"}],"curies":[{"name":"wp","href":"https:\/\/api.w.org\/{rel}","templated":true}]}}