{"id":6530,"date":"2024-05-16T11:56:12","date_gmt":"2024-05-16T11:56:12","guid":{"rendered":"https:\/\/atvadas.lv\/?post_type=product&#038;p=6530"},"modified":"2025-09-12T12:48:25","modified_gmt":"2025-09-12T12:48:25","slug":"tilla-likauts-ar-mezginem","status":"publish","type":"product","link":"https:\/\/atvadas.lv\/lv\/prece\/tilla-likauts-ar-mezginem","title":{"rendered":"Tilla l\u012b\u0137auts ar me\u017e\u0123\u012bn\u0113m"},"content":{"rendered":"<p>Modelis: TILLA_MEZGINU<\/p>\n<p>Kr\u0101sa: Balta<\/p>\n<p>Materi\u0101ls: Tills<\/p>\n<p>Piez\u012bmes: Me\u017e\u0123\u012b\u0146u<\/p>\n","protected":false},"excerpt":{"rendered":"<p>Modelis: TILLA_MEZGINU Kr\u0101sa: Balta Materi\u0101ls: Tills Piez\u012bmes: Me\u017e\u0123\u012b\u0146u<\/p>\n","protected":false},"featured_media":6532,"comment_status":"open","ping_status":"closed","template":"","meta":{"_eb_attr":"","_glsr_average":0,"_glsr_ranking":0,"_glsr_reviews":0},"product_brand":[],"product_cat":[55,120],"product_tag":[],"class_list":{"0":"post-6530","1":"product","2":"type-product","3":"status-publish","4":"has-post-thumbnail","6":"product_cat-apbedisanas-piederumi","7":"product_cat-likauti","9":"first","10":"instock","11":"taxable","12":"shipping-taxable","13":"purchasable","14":"product-type-simple"},"_links":{"self":[{"href":"https:\/\/atvadas.lv\/lv\/wp-json\/wp\/v2\/product\/6530","targetHints":{"allow":["GET"]}}],"collection":[{"href":"https:\/\/atvadas.lv\/lv\/wp-json\/wp\/v2\/product"}],"about":[{"href":"https:\/\/atvadas.lv\/lv\/wp-json\/wp\/v2\/types\/product"}],"replies":[{"embeddable":true,"href":"https:\/\/atvadas.lv\/lv\/wp-json\/wp\/v2\/comments?post=6530"}],"wp:featuredmedia":[{"embeddable":true,"href":"https:\/\/atvadas.lv\/lv\/wp-json\/wp\/v2\/media\/6532"}],"wp:attachment":[{"href":"https:\/\/atvadas.lv\/lv\/wp-json\/wp\/v2\/media?parent=6530"}],"wp:term":[{"taxonomy":"product_brand","embeddable":true,"href":"https:\/\/atvadas.lv\/lv\/wp-json\/wp\/v2\/product_brand?post=6530"},{"taxonomy":"product_cat","embeddable":true,"href":"https:\/\/atvadas.lv\/lv\/wp-json\/wp\/v2\/product_cat?post=6530"},{"taxonomy":"product_tag","embeddable":true,"href":"https:\/\/atvadas.lv\/lv\/wp-json\/wp\/v2\/product_tag?post=6530"}],"curies":[{"name":"wp","href":"https:\/\/api.w.org\/{rel}","templated":true}]}}