{"id":6513,"date":"2024-05-16T11:32:47","date_gmt":"2024-05-16T11:32:47","guid":{"rendered":"https:\/\/atvadas.lv\/?post_type=product&#038;p=6513"},"modified":"2025-09-12T10:28:43","modified_gmt":"2025-09-12T10:28:43","slug":"dubultais-likauts-ar-rakstu-3","status":"publish","type":"product","link":"https:\/\/atvadas.lv\/lv\/prece\/dubultais-likauts-ar-rakstu-3","title":{"rendered":"Dubultais l\u012b\u0137auts ar rakstu Nr.3"},"content":{"rendered":"<ul>\n<li>Modelis: DUB_ARRAKSTU3<\/li>\n<li>Kr\u0101sa: Balta<\/li>\n<li>Materi\u0101ls: Tills<\/li>\n<li>Piez\u012bmes: Dubultais ar rakstu<\/li>\n<\/ul>\n","protected":false},"excerpt":{"rendered":"<p>Modelis: DUB_ARRAKSTU3 Kr\u0101sa: Balta Materi\u0101ls: Tills Piez\u012bmes: Dubultais ar rakstu<\/p>\n","protected":false},"featured_media":6514,"comment_status":"open","ping_status":"closed","template":"","meta":{"_eb_attr":"","_glsr_average":0,"_glsr_ranking":0,"_glsr_reviews":0},"product_brand":[],"product_cat":[55,120],"product_tag":[],"class_list":{"0":"post-6513","1":"product","2":"type-product","3":"status-publish","4":"has-post-thumbnail","6":"product_cat-apbedisanas-piederumi","7":"product_cat-likauti","9":"first","10":"instock","11":"taxable","12":"shipping-taxable","13":"purchasable","14":"product-type-simple"},"_links":{"self":[{"href":"https:\/\/atvadas.lv\/lv\/wp-json\/wp\/v2\/product\/6513","targetHints":{"allow":["GET"]}}],"collection":[{"href":"https:\/\/atvadas.lv\/lv\/wp-json\/wp\/v2\/product"}],"about":[{"href":"https:\/\/atvadas.lv\/lv\/wp-json\/wp\/v2\/types\/product"}],"replies":[{"embeddable":true,"href":"https:\/\/atvadas.lv\/lv\/wp-json\/wp\/v2\/comments?post=6513"}],"wp:featuredmedia":[{"embeddable":true,"href":"https:\/\/atvadas.lv\/lv\/wp-json\/wp\/v2\/media\/6514"}],"wp:attachment":[{"href":"https:\/\/atvadas.lv\/lv\/wp-json\/wp\/v2\/media?parent=6513"}],"wp:term":[{"taxonomy":"product_brand","embeddable":true,"href":"https:\/\/atvadas.lv\/lv\/wp-json\/wp\/v2\/product_brand?post=6513"},{"taxonomy":"product_cat","embeddable":true,"href":"https:\/\/atvadas.lv\/lv\/wp-json\/wp\/v2\/product_cat?post=6513"},{"taxonomy":"product_tag","embeddable":true,"href":"https:\/\/atvadas.lv\/lv\/wp-json\/wp\/v2\/product_tag?post=6513"}],"curies":[{"name":"wp","href":"https:\/\/api.w.org\/{rel}","templated":true}]}}