{"id":6497,"date":"2024-05-16T11:27:37","date_gmt":"2024-05-16T11:27:37","guid":{"rendered":"https:\/\/atvadas.lv\/?post_type=product&#038;p=6497"},"modified":"2025-09-12T10:40:50","modified_gmt":"2025-09-12T10:40:50","slug":"dubultais-likauts-ar-rakstu","status":"publish","type":"product","link":"https:\/\/atvadas.lv\/lv\/prece\/dubultais-likauts-ar-rakstu","title":{"rendered":"Dubultais l\u012b\u0137auts ar rakstu"},"content":{"rendered":"<ul>\n<li>Modelis:DUB_ARRAKSTU1<\/li>\n<li>Kr\u0101sa:Balta<\/li>\n<li>Materi\u0101ls:Tills<\/li>\n<li>Piez\u012bmes: Dubultais ar rakstu<\/li>\n<\/ul>\n","protected":false},"excerpt":{"rendered":"<p>Modelis:DUB_ARRAKSTU1 Kr\u0101sa:Balta Materi\u0101ls:Tills Piez\u012bmes: Dubultais ar rakstu<\/p>\n","protected":false},"featured_media":6504,"comment_status":"open","ping_status":"closed","template":"","meta":{"_eb_attr":"","_glsr_average":0,"_glsr_ranking":0,"_glsr_reviews":0},"product_brand":[],"product_cat":[55,120],"product_tag":[],"class_list":{"0":"post-6497","1":"product","2":"type-product","3":"status-publish","4":"has-post-thumbnail","6":"product_cat-apbedisanas-piederumi","7":"product_cat-likauti","9":"first","10":"instock","11":"taxable","12":"shipping-taxable","13":"purchasable","14":"product-type-simple"},"_links":{"self":[{"href":"https:\/\/atvadas.lv\/lv\/wp-json\/wp\/v2\/product\/6497","targetHints":{"allow":["GET"]}}],"collection":[{"href":"https:\/\/atvadas.lv\/lv\/wp-json\/wp\/v2\/product"}],"about":[{"href":"https:\/\/atvadas.lv\/lv\/wp-json\/wp\/v2\/types\/product"}],"replies":[{"embeddable":true,"href":"https:\/\/atvadas.lv\/lv\/wp-json\/wp\/v2\/comments?post=6497"}],"wp:featuredmedia":[{"embeddable":true,"href":"https:\/\/atvadas.lv\/lv\/wp-json\/wp\/v2\/media\/6504"}],"wp:attachment":[{"href":"https:\/\/atvadas.lv\/lv\/wp-json\/wp\/v2\/media?parent=6497"}],"wp:term":[{"taxonomy":"product_brand","embeddable":true,"href":"https:\/\/atvadas.lv\/lv\/wp-json\/wp\/v2\/product_brand?post=6497"},{"taxonomy":"product_cat","embeddable":true,"href":"https:\/\/atvadas.lv\/lv\/wp-json\/wp\/v2\/product_cat?post=6497"},{"taxonomy":"product_tag","embeddable":true,"href":"https:\/\/atvadas.lv\/lv\/wp-json\/wp\/v2\/product_tag?post=6497"}],"curies":[{"name":"wp","href":"https:\/\/api.w.org\/{rel}","templated":true}]}}