{"id":6420,"date":"2024-05-16T11:00:52","date_gmt":"2024-05-16T11:00:52","guid":{"rendered":"https:\/\/atvadas.lv\/?post_type=product&#038;p=6420"},"modified":"2025-09-12T11:15:11","modified_gmt":"2025-09-12T11:15:11","slug":"klasiskas-formas-koka-zarks-17","status":"publish","type":"product","link":"https:\/\/atvadas.lv\/lv\/prece\/klasiskas-formas-koka-zarks-17","title":{"rendered":"Klasisk\u0101s formas koka z\u0101rks Nr.17"},"content":{"rendered":"<ul>\n<li>Modelis: A4<\/li>\n<li>Forma: Klasisk\u0101<\/li>\n<li>Kr\u0101sa: Gai\u0161i br\u016bna<\/li>\n<li>Materi\u0101ls: Ozols<\/li>\n<li>Piez\u012bmes: sarkof\u0101gs<\/li>\n<\/ul>\n","protected":false},"excerpt":{"rendered":"<p>Modelis: A4 Forma: Klasisk\u0101 Kr\u0101sa: Gai\u0161i br\u016bna Materi\u0101ls: Ozols Piez\u012bmes: sarkof\u0101gs<\/p>\n","protected":false},"featured_media":6421,"comment_status":"open","ping_status":"closed","template":"","meta":{"_eb_attr":"","_glsr_average":0,"_glsr_ranking":0,"_glsr_reviews":0},"product_brand":[],"product_cat":[32],"product_tag":[],"class_list":{"0":"post-6420","1":"product","2":"type-product","3":"status-publish","4":"has-post-thumbnail","6":"product_cat-zarki","8":"first","9":"instock","10":"taxable","11":"shipping-taxable","12":"purchasable","13":"product-type-simple"},"_links":{"self":[{"href":"https:\/\/atvadas.lv\/lv\/wp-json\/wp\/v2\/product\/6420","targetHints":{"allow":["GET"]}}],"collection":[{"href":"https:\/\/atvadas.lv\/lv\/wp-json\/wp\/v2\/product"}],"about":[{"href":"https:\/\/atvadas.lv\/lv\/wp-json\/wp\/v2\/types\/product"}],"replies":[{"embeddable":true,"href":"https:\/\/atvadas.lv\/lv\/wp-json\/wp\/v2\/comments?post=6420"}],"wp:featuredmedia":[{"embeddable":true,"href":"https:\/\/atvadas.lv\/lv\/wp-json\/wp\/v2\/media\/6421"}],"wp:attachment":[{"href":"https:\/\/atvadas.lv\/lv\/wp-json\/wp\/v2\/media?parent=6420"}],"wp:term":[{"taxonomy":"product_brand","embeddable":true,"href":"https:\/\/atvadas.lv\/lv\/wp-json\/wp\/v2\/product_brand?post=6420"},{"taxonomy":"product_cat","embeddable":true,"href":"https:\/\/atvadas.lv\/lv\/wp-json\/wp\/v2\/product_cat?post=6420"},{"taxonomy":"product_tag","embeddable":true,"href":"https:\/\/atvadas.lv\/lv\/wp-json\/wp\/v2\/product_tag?post=6420"}],"curies":[{"name":"wp","href":"https:\/\/api.w.org\/{rel}","templated":true}]}}