{"id":6394,"date":"2024-05-16T10:48:39","date_gmt":"2024-05-16T10:48:39","guid":{"rendered":"https:\/\/atvadas.lv\/?post_type=product&#038;p=6394"},"modified":"2025-09-12T11:14:42","modified_gmt":"2025-09-12T11:14:42","slug":"klasiskas-formas-koka-zarks-16","status":"publish","type":"product","link":"https:\/\/atvadas.lv\/lv\/prece\/klasiskas-formas-koka-zarks-16","title":{"rendered":"Klasisk\u0101s formas koka z\u0101rks Nr.16"},"content":{"rendered":"<ul>\n<li>Modelis: JU<\/li>\n<li>Forma: Klasisk\u0101<\/li>\n<li>Kr\u0101sa: Gai\u0161s<\/li>\n<li>Materi\u0101ls: Priede<\/li>\n<li>Piez\u012bmes:lina auduma z\u0101rks<\/li>\n<\/ul>\n","protected":false},"excerpt":{"rendered":"<p>Modelis: JU Forma: Klasisk\u0101 Kr\u0101sa: Gai\u0161s Materi\u0101ls: Priede Piez\u012bmes:lina auduma z\u0101rks<\/p>\n","protected":false},"featured_media":6397,"comment_status":"open","ping_status":"closed","template":"","meta":{"_eb_attr":"","_glsr_average":0,"_glsr_ranking":0,"_glsr_reviews":0},"product_brand":[],"product_cat":[32],"product_tag":[],"class_list":{"0":"post-6394","1":"product","2":"type-product","3":"status-publish","4":"has-post-thumbnail","6":"product_cat-zarki","8":"first","9":"instock","10":"taxable","11":"shipping-taxable","12":"purchasable","13":"product-type-simple"},"_links":{"self":[{"href":"https:\/\/atvadas.lv\/lv\/wp-json\/wp\/v2\/product\/6394","targetHints":{"allow":["GET"]}}],"collection":[{"href":"https:\/\/atvadas.lv\/lv\/wp-json\/wp\/v2\/product"}],"about":[{"href":"https:\/\/atvadas.lv\/lv\/wp-json\/wp\/v2\/types\/product"}],"replies":[{"embeddable":true,"href":"https:\/\/atvadas.lv\/lv\/wp-json\/wp\/v2\/comments?post=6394"}],"wp:featuredmedia":[{"embeddable":true,"href":"https:\/\/atvadas.lv\/lv\/wp-json\/wp\/v2\/media\/6397"}],"wp:attachment":[{"href":"https:\/\/atvadas.lv\/lv\/wp-json\/wp\/v2\/media?parent=6394"}],"wp:term":[{"taxonomy":"product_brand","embeddable":true,"href":"https:\/\/atvadas.lv\/lv\/wp-json\/wp\/v2\/product_brand?post=6394"},{"taxonomy":"product_cat","embeddable":true,"href":"https:\/\/atvadas.lv\/lv\/wp-json\/wp\/v2\/product_cat?post=6394"},{"taxonomy":"product_tag","embeddable":true,"href":"https:\/\/atvadas.lv\/lv\/wp-json\/wp\/v2\/product_tag?post=6394"}],"curies":[{"name":"wp","href":"https:\/\/api.w.org\/{rel}","templated":true}]}}