{"id":6295,"date":"2024-05-16T09:54:15","date_gmt":"2024-05-16T09:54:15","guid":{"rendered":"https:\/\/atvadas.lv\/?post_type=product&#038;p=6295"},"modified":"2025-09-12T12:37:39","modified_gmt":"2025-09-12T12:37:39","slug":"metala-urna-7","status":"publish","type":"product","link":"https:\/\/atvadas.lv\/lv\/prece\/metala-urna-7","title":{"rendered":"Met\u0101la urna &#8211; elegants dizains"},"content":{"rendered":"<ul>\n<li>Modelis: U8<\/li>\n<li>Kr\u0101sa: Melna ar zelta krustu<\/li>\n<li>Materi\u0101ls: met\u0101la<\/li>\n<\/ul>\n","protected":false},"excerpt":{"rendered":"<p>Modelis: U8 Kr\u0101sa: Melna ar zelta krustu Materi\u0101ls: met\u0101la<\/p>\n","protected":false},"featured_media":6297,"comment_status":"open","ping_status":"closed","template":"","meta":{"_eb_attr":"","_glsr_average":0,"_glsr_ranking":0,"_glsr_reviews":0},"product_brand":[],"product_cat":[58],"product_tag":[],"class_list":{"0":"post-6295","1":"product","2":"type-product","3":"status-publish","4":"has-post-thumbnail","6":"product_cat-urnas","8":"first","9":"instock","10":"taxable","11":"shipping-taxable","12":"purchasable","13":"product-type-simple"},"_links":{"self":[{"href":"https:\/\/atvadas.lv\/lv\/wp-json\/wp\/v2\/product\/6295","targetHints":{"allow":["GET"]}}],"collection":[{"href":"https:\/\/atvadas.lv\/lv\/wp-json\/wp\/v2\/product"}],"about":[{"href":"https:\/\/atvadas.lv\/lv\/wp-json\/wp\/v2\/types\/product"}],"replies":[{"embeddable":true,"href":"https:\/\/atvadas.lv\/lv\/wp-json\/wp\/v2\/comments?post=6295"}],"wp:featuredmedia":[{"embeddable":true,"href":"https:\/\/atvadas.lv\/lv\/wp-json\/wp\/v2\/media\/6297"}],"wp:attachment":[{"href":"https:\/\/atvadas.lv\/lv\/wp-json\/wp\/v2\/media?parent=6295"}],"wp:term":[{"taxonomy":"product_brand","embeddable":true,"href":"https:\/\/atvadas.lv\/lv\/wp-json\/wp\/v2\/product_brand?post=6295"},{"taxonomy":"product_cat","embeddable":true,"href":"https:\/\/atvadas.lv\/lv\/wp-json\/wp\/v2\/product_cat?post=6295"},{"taxonomy":"product_tag","embeddable":true,"href":"https:\/\/atvadas.lv\/lv\/wp-json\/wp\/v2\/product_tag?post=6295"}],"curies":[{"name":"wp","href":"https:\/\/api.w.org\/{rel}","templated":true}]}}