{"id":6272,"date":"2024-05-16T09:41:50","date_gmt":"2024-05-16T09:41:50","guid":{"rendered":"https:\/\/atvadas.lv\/?post_type=product&#038;p=6272"},"modified":"2026-02-16T13:17:49","modified_gmt":"2026-02-16T13:17:49","slug":"metala-urna-3","status":"publish","type":"product","link":"https:\/\/atvadas.lv\/lv\/prece\/metala-urna-3","title":{"rendered":"Met\u0101la urna 3 &#8211; Za\u013ca kr\u0101sa"},"content":{"rendered":"<ul>\n<li>Modelis: U3<\/li>\n<li>Kr\u0101sa: Za\u013ca<\/li>\n<li>Materi\u0101ls: Met\u0101la<\/li>\n<\/ul>\n","protected":false},"excerpt":{"rendered":"<p>Modelis: U3 Kr\u0101sa: Za\u013ca Materi\u0101ls: Met\u0101la<\/p>\n","protected":false},"featured_media":6273,"comment_status":"open","ping_status":"closed","template":"","meta":{"_eb_attr":"","_glsr_average":0,"_glsr_ranking":0,"_glsr_reviews":0},"product_brand":[],"product_cat":[58],"product_tag":[],"class_list":{"0":"post-6272","1":"product","2":"type-product","3":"status-publish","4":"has-post-thumbnail","6":"product_cat-urnas","8":"first","9":"instock","10":"taxable","11":"shipping-taxable","12":"purchasable","13":"product-type-simple"},"_links":{"self":[{"href":"https:\/\/atvadas.lv\/lv\/wp-json\/wp\/v2\/product\/6272","targetHints":{"allow":["GET"]}}],"collection":[{"href":"https:\/\/atvadas.lv\/lv\/wp-json\/wp\/v2\/product"}],"about":[{"href":"https:\/\/atvadas.lv\/lv\/wp-json\/wp\/v2\/types\/product"}],"replies":[{"embeddable":true,"href":"https:\/\/atvadas.lv\/lv\/wp-json\/wp\/v2\/comments?post=6272"}],"wp:featuredmedia":[{"embeddable":true,"href":"https:\/\/atvadas.lv\/lv\/wp-json\/wp\/v2\/media\/6273"}],"wp:attachment":[{"href":"https:\/\/atvadas.lv\/lv\/wp-json\/wp\/v2\/media?parent=6272"}],"wp:term":[{"taxonomy":"product_brand","embeddable":true,"href":"https:\/\/atvadas.lv\/lv\/wp-json\/wp\/v2\/product_brand?post=6272"},{"taxonomy":"product_cat","embeddable":true,"href":"https:\/\/atvadas.lv\/lv\/wp-json\/wp\/v2\/product_cat?post=6272"},{"taxonomy":"product_tag","embeddable":true,"href":"https:\/\/atvadas.lv\/lv\/wp-json\/wp\/v2\/product_tag?post=6272"}],"curies":[{"name":"wp","href":"https:\/\/api.w.org\/{rel}","templated":true}]}}