{"id":6260,"date":"2024-05-16T09:31:24","date_gmt":"2024-05-16T09:31:24","guid":{"rendered":"https:\/\/atvadas.lv\/?post_type=product&#038;p=6260"},"modified":"2026-02-13T20:05:17","modified_gmt":"2026-02-13T20:05:17","slug":"pareizticigo-koka-krusts-2","status":"publish","type":"product","link":"https:\/\/atvadas.lv\/lv\/prece\/pareizticigo-koka-krusts-2","title":{"rendered":"Pareiztic\u012bgo koka apbed\u012b\u0161anas krusts"},"content":{"rendered":"<ul>\n<li>Modelis: PK3<\/li>\n<li>Kr\u0101sa: Gai\u0161i br\u016bna<\/li>\n<li>Materi\u0101ls: ozols<\/li>\n<li>Piez\u012bmes:pareiztic\u012bgs krusts<\/li>\n<\/ul>\n","protected":false},"excerpt":{"rendered":"<p>Modelis: PK3 Kr\u0101sa: Gai\u0161i br\u016bna Materi\u0101ls: ozols Piez\u012bmes:pareiztic\u012bgs krusts<\/p>\n","protected":false},"featured_media":6263,"comment_status":"open","ping_status":"closed","template":"","meta":{"_eb_attr":"","_glsr_average":0,"_glsr_ranking":0,"_glsr_reviews":0},"product_brand":[],"product_cat":[55,119],"product_tag":[],"class_list":{"0":"post-6260","1":"product","2":"type-product","3":"status-publish","4":"has-post-thumbnail","6":"product_cat-apbedisanas-piederumi","7":"product_cat-krusti","9":"first","10":"instock","11":"taxable","12":"shipping-taxable","13":"purchasable","14":"product-type-simple"},"_links":{"self":[{"href":"https:\/\/atvadas.lv\/lv\/wp-json\/wp\/v2\/product\/6260","targetHints":{"allow":["GET"]}}],"collection":[{"href":"https:\/\/atvadas.lv\/lv\/wp-json\/wp\/v2\/product"}],"about":[{"href":"https:\/\/atvadas.lv\/lv\/wp-json\/wp\/v2\/types\/product"}],"replies":[{"embeddable":true,"href":"https:\/\/atvadas.lv\/lv\/wp-json\/wp\/v2\/comments?post=6260"}],"wp:featuredmedia":[{"embeddable":true,"href":"https:\/\/atvadas.lv\/lv\/wp-json\/wp\/v2\/media\/6263"}],"wp:attachment":[{"href":"https:\/\/atvadas.lv\/lv\/wp-json\/wp\/v2\/media?parent=6260"}],"wp:term":[{"taxonomy":"product_brand","embeddable":true,"href":"https:\/\/atvadas.lv\/lv\/wp-json\/wp\/v2\/product_brand?post=6260"},{"taxonomy":"product_cat","embeddable":true,"href":"https:\/\/atvadas.lv\/lv\/wp-json\/wp\/v2\/product_cat?post=6260"},{"taxonomy":"product_tag","embeddable":true,"href":"https:\/\/atvadas.lv\/lv\/wp-json\/wp\/v2\/product_tag?post=6260"}],"curies":[{"name":"wp","href":"https:\/\/api.w.org\/{rel}","templated":true}]}}