{"id":6243,"date":"2024-05-16T09:15:34","date_gmt":"2024-05-16T09:15:34","guid":{"rendered":"https:\/\/atvadas.lv\/?post_type=product&#038;p=6243"},"modified":"2025-09-12T10:53:17","modified_gmt":"2025-09-12T10:53:17","slug":"katolu-koka-krusts-ar-ornamentu-3","status":"publish","type":"product","link":"https:\/\/atvadas.lv\/lv\/prece\/katolu-koka-krusts-ar-ornamentu-3","title":{"rendered":"Kato\u013cu koka krusts ar ornamentu Nr.3"},"content":{"rendered":"<ul>\n<li>Modelis: KKO3<\/li>\n<li>Kr\u0101sa: Tum\u0161i br\u016bna<\/li>\n<li>Materi\u0101ls: B\u0113rzs<\/li>\n<li>Piez\u012bmes: dekors ar ornamentu<\/li>\n<\/ul>\n","protected":false},"excerpt":{"rendered":"<p>Modelis: KKO3 Kr\u0101sa: Tum\u0161i br\u016bna Materi\u0101ls: B\u0113rzs Piez\u012bmes: dekors ar ornamentu<\/p>\n","protected":false},"featured_media":6244,"comment_status":"open","ping_status":"closed","template":"","meta":{"_eb_attr":"","_glsr_average":0,"_glsr_ranking":0,"_glsr_reviews":0},"product_brand":[],"product_cat":[55,119],"product_tag":[],"class_list":{"0":"post-6243","1":"product","2":"type-product","3":"status-publish","4":"has-post-thumbnail","6":"product_cat-apbedisanas-piederumi","7":"product_cat-krusti","9":"first","10":"instock","11":"taxable","12":"shipping-taxable","13":"purchasable","14":"product-type-simple"},"_links":{"self":[{"href":"https:\/\/atvadas.lv\/lv\/wp-json\/wp\/v2\/product\/6243","targetHints":{"allow":["GET"]}}],"collection":[{"href":"https:\/\/atvadas.lv\/lv\/wp-json\/wp\/v2\/product"}],"about":[{"href":"https:\/\/atvadas.lv\/lv\/wp-json\/wp\/v2\/types\/product"}],"replies":[{"embeddable":true,"href":"https:\/\/atvadas.lv\/lv\/wp-json\/wp\/v2\/comments?post=6243"}],"wp:featuredmedia":[{"embeddable":true,"href":"https:\/\/atvadas.lv\/lv\/wp-json\/wp\/v2\/media\/6244"}],"wp:attachment":[{"href":"https:\/\/atvadas.lv\/lv\/wp-json\/wp\/v2\/media?parent=6243"}],"wp:term":[{"taxonomy":"product_brand","embeddable":true,"href":"https:\/\/atvadas.lv\/lv\/wp-json\/wp\/v2\/product_brand?post=6243"},{"taxonomy":"product_cat","embeddable":true,"href":"https:\/\/atvadas.lv\/lv\/wp-json\/wp\/v2\/product_cat?post=6243"},{"taxonomy":"product_tag","embeddable":true,"href":"https:\/\/atvadas.lv\/lv\/wp-json\/wp\/v2\/product_tag?post=6243"}],"curies":[{"name":"wp","href":"https:\/\/api.w.org\/{rel}","templated":true}]}}