{"id":6241,"date":"2024-05-16T09:11:23","date_gmt":"2024-05-16T09:11:23","guid":{"rendered":"https:\/\/atvadas.lv\/?post_type=product&#038;p=6241"},"modified":"2025-09-12T10:52:46","modified_gmt":"2025-09-12T10:52:46","slug":"katolu-koka-krusts-ar-ornamentu-2","status":"publish","type":"product","link":"https:\/\/atvadas.lv\/lv\/prece\/katolu-koka-krusts-ar-ornamentu-2","title":{"rendered":"Kato\u013cu koka krusts ar ornamentu Nr.2"},"content":{"rendered":"<ul>\n<li>Modelis: KKO2<\/li>\n<li>Kr\u0101sa: Pel\u0113ks<\/li>\n<li>Materi\u0101ls: B\u0113rzs<\/li>\n<li>Piez\u012bmes: dekors ar ornamentu<\/li>\n<\/ul>\n","protected":false},"excerpt":{"rendered":"<p>Modelis: KKO2 Kr\u0101sa: Pel\u0113ks Materi\u0101ls: B\u0113rzs Piez\u012bmes: dekors ar ornamentu<\/p>\n","protected":false},"featured_media":6242,"comment_status":"open","ping_status":"closed","template":"","meta":{"_eb_attr":"","_glsr_average":0,"_glsr_ranking":0,"_glsr_reviews":0},"product_brand":[],"product_cat":[55,119],"product_tag":[],"class_list":{"0":"post-6241","1":"product","2":"type-product","3":"status-publish","4":"has-post-thumbnail","6":"product_cat-apbedisanas-piederumi","7":"product_cat-krusti","9":"first","10":"instock","11":"taxable","12":"shipping-taxable","13":"purchasable","14":"product-type-simple"},"_links":{"self":[{"href":"https:\/\/atvadas.lv\/lv\/wp-json\/wp\/v2\/product\/6241","targetHints":{"allow":["GET"]}}],"collection":[{"href":"https:\/\/atvadas.lv\/lv\/wp-json\/wp\/v2\/product"}],"about":[{"href":"https:\/\/atvadas.lv\/lv\/wp-json\/wp\/v2\/types\/product"}],"replies":[{"embeddable":true,"href":"https:\/\/atvadas.lv\/lv\/wp-json\/wp\/v2\/comments?post=6241"}],"wp:featuredmedia":[{"embeddable":true,"href":"https:\/\/atvadas.lv\/lv\/wp-json\/wp\/v2\/media\/6242"}],"wp:attachment":[{"href":"https:\/\/atvadas.lv\/lv\/wp-json\/wp\/v2\/media?parent=6241"}],"wp:term":[{"taxonomy":"product_brand","embeddable":true,"href":"https:\/\/atvadas.lv\/lv\/wp-json\/wp\/v2\/product_brand?post=6241"},{"taxonomy":"product_cat","embeddable":true,"href":"https:\/\/atvadas.lv\/lv\/wp-json\/wp\/v2\/product_cat?post=6241"},{"taxonomy":"product_tag","embeddable":true,"href":"https:\/\/atvadas.lv\/lv\/wp-json\/wp\/v2\/product_tag?post=6241"}],"curies":[{"name":"wp","href":"https:\/\/api.w.org\/{rel}","templated":true}]}}