{"id":6222,"date":"2024-05-16T07:52:43","date_gmt":"2024-05-16T07:52:43","guid":{"rendered":"https:\/\/atvadas.lv\/?post_type=product&#038;p=6222"},"modified":"2025-09-12T12:52:00","modified_gmt":"2025-09-12T12:52:00","slug":"vijoles-formas-koka-zarks-4","status":"publish","type":"product","link":"https:\/\/atvadas.lv\/lv\/prece\/vijoles-formas-koka-zarks-4","title":{"rendered":"Vijoles formas koka z\u0101rks ar rokturi"},"content":{"rendered":"<ul>\n<li>Modelis: PV<\/li>\n<li>Forma: Vijole<\/li>\n<li>Kr\u0101sa: Gai\u0161i br\u016bna<\/li>\n<li>Materi\u0101ls: Priede<\/li>\n<li>Piez\u012bmes: ar 4 rokturiem<\/li>\n<\/ul>\n","protected":false},"excerpt":{"rendered":"<p>Modelis: PV Forma: Vijole Kr\u0101sa: Gai\u0161i br\u016bna Materi\u0101ls: Priede Piez\u012bmes: ar 4 rokturiem<\/p>\n","protected":false},"featured_media":17172,"comment_status":"open","ping_status":"closed","template":"","meta":{"_eb_attr":"","_glsr_average":0,"_glsr_ranking":0,"_glsr_reviews":0},"product_brand":[],"product_cat":[32],"product_tag":[],"class_list":{"0":"post-6222","1":"product","2":"type-product","3":"status-publish","4":"has-post-thumbnail","6":"product_cat-zarki","8":"first","9":"instock","10":"taxable","11":"shipping-taxable","12":"purchasable","13":"product-type-simple"},"_links":{"self":[{"href":"https:\/\/atvadas.lv\/lv\/wp-json\/wp\/v2\/product\/6222","targetHints":{"allow":["GET"]}}],"collection":[{"href":"https:\/\/atvadas.lv\/lv\/wp-json\/wp\/v2\/product"}],"about":[{"href":"https:\/\/atvadas.lv\/lv\/wp-json\/wp\/v2\/types\/product"}],"replies":[{"embeddable":true,"href":"https:\/\/atvadas.lv\/lv\/wp-json\/wp\/v2\/comments?post=6222"}],"wp:featuredmedia":[{"embeddable":true,"href":"https:\/\/atvadas.lv\/lv\/wp-json\/wp\/v2\/media\/17172"}],"wp:attachment":[{"href":"https:\/\/atvadas.lv\/lv\/wp-json\/wp\/v2\/media?parent=6222"}],"wp:term":[{"taxonomy":"product_brand","embeddable":true,"href":"https:\/\/atvadas.lv\/lv\/wp-json\/wp\/v2\/product_brand?post=6222"},{"taxonomy":"product_cat","embeddable":true,"href":"https:\/\/atvadas.lv\/lv\/wp-json\/wp\/v2\/product_cat?post=6222"},{"taxonomy":"product_tag","embeddable":true,"href":"https:\/\/atvadas.lv\/lv\/wp-json\/wp\/v2\/product_tag?post=6222"}],"curies":[{"name":"wp","href":"https:\/\/api.w.org\/{rel}","templated":true}]}}