{"id":6213,"date":"2024-05-16T07:44:44","date_gmt":"2024-05-16T07:44:44","guid":{"rendered":"https:\/\/atvadas.lv\/?post_type=product&#038;p=6213"},"modified":"2025-09-12T11:05:04","modified_gmt":"2025-09-12T11:05:04","slug":"klasiskas-formas-koka-zarks-12","status":"publish","type":"product","link":"https:\/\/atvadas.lv\/lv\/prece\/klasiskas-formas-koka-zarks-12","title":{"rendered":"Klasisk\u0101s formas koka z\u0101rks Nr.12"},"content":{"rendered":"<ul>\n<li>Modelis: GK1<\/li>\n<li>Forma: Klasisk\u0101<\/li>\n<li>Kr\u0101sa: Tum\u0161i br\u016bna<\/li>\n<li>Materi\u0101ls: MDF<\/li>\n<li>Piez\u012bmes: dekors ar lap\u0101m<\/li>\n<\/ul>\n","protected":false},"excerpt":{"rendered":"<p>Modelis: GK1 Forma: Klasisk\u0101 Kr\u0101sa: Tum\u0161i br\u016bna Materi\u0101ls: MDF Piez\u012bmes: dekors ar lap\u0101m<\/p>\n","protected":false},"featured_media":0,"comment_status":"open","ping_status":"closed","template":"","meta":{"_eb_attr":"","_glsr_average":0,"_glsr_ranking":0,"_glsr_reviews":0},"product_brand":[],"product_cat":[32],"product_tag":[],"class_list":{"0":"post-6213","1":"product","2":"type-product","3":"status-publish","5":"product_cat-zarki","7":"first","8":"instock","9":"taxable","10":"shipping-taxable","11":"purchasable","12":"product-type-simple"},"_links":{"self":[{"href":"https:\/\/atvadas.lv\/lv\/wp-json\/wp\/v2\/product\/6213","targetHints":{"allow":["GET"]}}],"collection":[{"href":"https:\/\/atvadas.lv\/lv\/wp-json\/wp\/v2\/product"}],"about":[{"href":"https:\/\/atvadas.lv\/lv\/wp-json\/wp\/v2\/types\/product"}],"replies":[{"embeddable":true,"href":"https:\/\/atvadas.lv\/lv\/wp-json\/wp\/v2\/comments?post=6213"}],"wp:attachment":[{"href":"https:\/\/atvadas.lv\/lv\/wp-json\/wp\/v2\/media?parent=6213"}],"wp:term":[{"taxonomy":"product_brand","embeddable":true,"href":"https:\/\/atvadas.lv\/lv\/wp-json\/wp\/v2\/product_brand?post=6213"},{"taxonomy":"product_cat","embeddable":true,"href":"https:\/\/atvadas.lv\/lv\/wp-json\/wp\/v2\/product_cat?post=6213"},{"taxonomy":"product_tag","embeddable":true,"href":"https:\/\/atvadas.lv\/lv\/wp-json\/wp\/v2\/product_tag?post=6213"}],"curies":[{"name":"wp","href":"https:\/\/api.w.org\/{rel}","templated":true}]}}