{"id":6177,"date":"2024-05-16T07:27:36","date_gmt":"2024-05-16T07:27:36","guid":{"rendered":"https:\/\/atvadas.lv\/?post_type=product&#038;p=6177"},"modified":"2025-09-12T12:51:23","modified_gmt":"2025-09-12T12:51:23","slug":"vijoles-formas-koka-zarks-3-2","status":"publish","type":"product","link":"https:\/\/atvadas.lv\/lv\/prece\/vijoles-formas-koka-zarks-3-2","title":{"rendered":"Vijoles formas koka z\u0101rks 3"},"content":{"rendered":"<ul>\n<li>Modelis: GV5<\/li>\n<li>Forma: Vijole<\/li>\n<li>Kr\u0101sa: Br\u016bna<\/li>\n<li>Materi\u0101ls: Papele<\/li>\n<\/ul>\n","protected":false},"excerpt":{"rendered":"<p>Modelis: GV5 Forma: Vijole Kr\u0101sa: Br\u016bna Materi\u0101ls: Papele<\/p>\n","protected":false},"featured_media":0,"comment_status":"open","ping_status":"closed","template":"","meta":{"_eb_attr":"","_glsr_average":0,"_glsr_ranking":0,"_glsr_reviews":0},"product_brand":[],"product_cat":[32],"product_tag":[],"class_list":{"0":"post-6177","1":"product","2":"type-product","3":"status-publish","5":"product_cat-zarki","7":"first","8":"instock","9":"taxable","10":"shipping-taxable","11":"purchasable","12":"product-type-simple"},"_links":{"self":[{"href":"https:\/\/atvadas.lv\/lv\/wp-json\/wp\/v2\/product\/6177","targetHints":{"allow":["GET"]}}],"collection":[{"href":"https:\/\/atvadas.lv\/lv\/wp-json\/wp\/v2\/product"}],"about":[{"href":"https:\/\/atvadas.lv\/lv\/wp-json\/wp\/v2\/types\/product"}],"replies":[{"embeddable":true,"href":"https:\/\/atvadas.lv\/lv\/wp-json\/wp\/v2\/comments?post=6177"}],"wp:attachment":[{"href":"https:\/\/atvadas.lv\/lv\/wp-json\/wp\/v2\/media?parent=6177"}],"wp:term":[{"taxonomy":"product_brand","embeddable":true,"href":"https:\/\/atvadas.lv\/lv\/wp-json\/wp\/v2\/product_brand?post=6177"},{"taxonomy":"product_cat","embeddable":true,"href":"https:\/\/atvadas.lv\/lv\/wp-json\/wp\/v2\/product_cat?post=6177"},{"taxonomy":"product_tag","embeddable":true,"href":"https:\/\/atvadas.lv\/lv\/wp-json\/wp\/v2\/product_tag?post=6177"}],"curies":[{"name":"wp","href":"https:\/\/api.w.org\/{rel}","templated":true}]}}