{"id":6174,"date":"2024-05-16T07:23:24","date_gmt":"2024-05-16T07:23:24","guid":{"rendered":"https:\/\/atvadas.lv\/?post_type=product&#038;p=6174"},"modified":"2025-09-12T11:21:59","modified_gmt":"2025-09-12T11:21:59","slug":"klasiskas-formas-koka-zarks-9","status":"publish","type":"product","link":"https:\/\/atvadas.lv\/lv\/prece\/klasiskas-formas-koka-zarks-9","title":{"rendered":"Klasisk\u0101s formas koka z\u0101rks Nr.9"},"content":{"rendered":"<ul>\n<li>Modelis: SN9<\/li>\n<li>Forma: Klasisk\u0101<\/li>\n<li>Kr\u0101sa: Br\u016bns<\/li>\n<li>Materi\u0101ls: Priede<\/li>\n<li>Piez\u012bmes: forma pagarin\u0101ta &#8211; 2.20m<\/li>\n<\/ul>\n","protected":false},"excerpt":{"rendered":"<p>Modelis: SN9 Forma: Klasisk\u0101 Kr\u0101sa: Br\u016bns Materi\u0101ls: Priede Piez\u012bmes: forma pagarin\u0101ta &#8211; 2.20m<\/p>\n","protected":false},"featured_media":6176,"comment_status":"open","ping_status":"closed","template":"","meta":{"_eb_attr":"","_glsr_average":0,"_glsr_ranking":0,"_glsr_reviews":0},"product_brand":[],"product_cat":[32],"product_tag":[],"class_list":{"0":"post-6174","1":"product","2":"type-product","3":"status-publish","4":"has-post-thumbnail","6":"product_cat-zarki","8":"first","9":"instock","10":"taxable","11":"shipping-taxable","12":"purchasable","13":"product-type-simple"},"_links":{"self":[{"href":"https:\/\/atvadas.lv\/lv\/wp-json\/wp\/v2\/product\/6174","targetHints":{"allow":["GET"]}}],"collection":[{"href":"https:\/\/atvadas.lv\/lv\/wp-json\/wp\/v2\/product"}],"about":[{"href":"https:\/\/atvadas.lv\/lv\/wp-json\/wp\/v2\/types\/product"}],"replies":[{"embeddable":true,"href":"https:\/\/atvadas.lv\/lv\/wp-json\/wp\/v2\/comments?post=6174"}],"wp:featuredmedia":[{"embeddable":true,"href":"https:\/\/atvadas.lv\/lv\/wp-json\/wp\/v2\/media\/6176"}],"wp:attachment":[{"href":"https:\/\/atvadas.lv\/lv\/wp-json\/wp\/v2\/media?parent=6174"}],"wp:term":[{"taxonomy":"product_brand","embeddable":true,"href":"https:\/\/atvadas.lv\/lv\/wp-json\/wp\/v2\/product_brand?post=6174"},{"taxonomy":"product_cat","embeddable":true,"href":"https:\/\/atvadas.lv\/lv\/wp-json\/wp\/v2\/product_cat?post=6174"},{"taxonomy":"product_tag","embeddable":true,"href":"https:\/\/atvadas.lv\/lv\/wp-json\/wp\/v2\/product_tag?post=6174"}],"curies":[{"name":"wp","href":"https:\/\/api.w.org\/{rel}","templated":true}]}}