{"id":28828,"date":"2025-11-25T14:37:15","date_gmt":"2025-11-25T14:37:15","guid":{"rendered":"https:\/\/atvadas.lv\/?post_type=product&#038;p=28828"},"modified":"2026-02-28T13:33:48","modified_gmt":"2026-02-28T13:33:48","slug":"beru-puskis-ar-krizantemam","status":"publish","type":"product","link":"https:\/\/atvadas.lv\/lv\/prece\/beru-puskis-ar-krizantemam","title":{"rendered":"B\u0113ru pu\u0161\u0137is ar krizant\u0113m\u0101m"},"content":{"rendered":"<ul>\n<li>Modelis: P18<\/li>\n<li>Forma: krem\u0101cijas pu\u0161\u0137is<\/li>\n<li>Piez\u012bmes: Pu\u0161\u0137is ar krizant\u0113m\u0101m. Ilgsto\u0161s ziedu veids. Piem\u0113rots krem\u0101cijas ceremonijai.<\/li>\n<\/ul>\n","protected":false},"excerpt":{"rendered":"<p>Modelis: P18 Forma: krem\u0101cijas pu\u0161\u0137is Piez\u012bmes: Pu\u0161\u0137is ar krizant\u0113m\u0101m. Ilgsto\u0161s ziedu veids. Piem\u0113rots krem\u0101cijas ceremonijai.<\/p>\n","protected":false},"featured_media":28829,"comment_status":"closed","ping_status":"closed","template":"","meta":{"_eb_attr":"","_glsr_average":0,"_glsr_ranking":0,"_glsr_reviews":0},"product_brand":[],"product_cat":[56],"product_tag":[],"class_list":{"0":"post-28828","1":"product","2":"type-product","3":"status-publish","4":"has-post-thumbnail","6":"product_cat-seru-ziedi","8":"first","9":"instock","10":"taxable","11":"shipping-taxable","12":"purchasable","13":"product-type-simple"},"_links":{"self":[{"href":"https:\/\/atvadas.lv\/lv\/wp-json\/wp\/v2\/product\/28828","targetHints":{"allow":["GET"]}}],"collection":[{"href":"https:\/\/atvadas.lv\/lv\/wp-json\/wp\/v2\/product"}],"about":[{"href":"https:\/\/atvadas.lv\/lv\/wp-json\/wp\/v2\/types\/product"}],"replies":[{"embeddable":true,"href":"https:\/\/atvadas.lv\/lv\/wp-json\/wp\/v2\/comments?post=28828"}],"wp:featuredmedia":[{"embeddable":true,"href":"https:\/\/atvadas.lv\/lv\/wp-json\/wp\/v2\/media\/28829"}],"wp:attachment":[{"href":"https:\/\/atvadas.lv\/lv\/wp-json\/wp\/v2\/media?parent=28828"}],"wp:term":[{"taxonomy":"product_brand","embeddable":true,"href":"https:\/\/atvadas.lv\/lv\/wp-json\/wp\/v2\/product_brand?post=28828"},{"taxonomy":"product_cat","embeddable":true,"href":"https:\/\/atvadas.lv\/lv\/wp-json\/wp\/v2\/product_cat?post=28828"},{"taxonomy":"product_tag","embeddable":true,"href":"https:\/\/atvadas.lv\/lv\/wp-json\/wp\/v2\/product_tag?post=28828"}],"curies":[{"name":"wp","href":"https:\/\/api.w.org\/{rel}","templated":true}]}}