{"id":28818,"date":"2025-11-25T14:12:12","date_gmt":"2025-11-25T14:12:12","guid":{"rendered":"https:\/\/atvadas.lv\/?post_type=product&#038;p=28818"},"modified":"2026-02-28T13:23:23","modified_gmt":"2026-02-28T13:23:23","slug":"vainags-ar-kremkrasas-rozem","status":"publish","type":"product","link":"https:\/\/atvadas.lv\/lv\/prece\/vainags-ar-kremkrasas-rozem","title":{"rendered":"Vainags ar kr\u0113mkr\u0101sas roz\u0113m"},"content":{"rendered":"<ul>\n<li>Modelis: V317<\/li>\n<li>Forma: 90cm diametrs<\/li>\n<li>Piez\u012bmes: Vainags ar kr\u0113mkr\u0101sas roz\u0113m. Maigs kr\u0101su tonis. Piem\u0113rots ceremonij\u0101m.<\/li>\n<\/ul>\n","protected":false},"excerpt":{"rendered":"<p>Modelis: V317 Forma: 90cm diametrs Piez\u012bmes: Vainags ar kr\u0113mkr\u0101sas roz\u0113m. Maigs kr\u0101su tonis. Piem\u0113rots ceremonij\u0101m.<\/p>\n","protected":false},"featured_media":28819,"comment_status":"closed","ping_status":"closed","template":"","meta":{"_eb_attr":"","_glsr_average":0,"_glsr_ranking":0,"_glsr_reviews":0},"product_brand":[],"product_cat":[56],"product_tag":[],"class_list":{"0":"post-28818","1":"product","2":"type-product","3":"status-publish","4":"has-post-thumbnail","6":"product_cat-seru-ziedi","8":"first","9":"instock","10":"taxable","11":"shipping-taxable","12":"purchasable","13":"product-type-simple"},"_links":{"self":[{"href":"https:\/\/atvadas.lv\/lv\/wp-json\/wp\/v2\/product\/28818","targetHints":{"allow":["GET"]}}],"collection":[{"href":"https:\/\/atvadas.lv\/lv\/wp-json\/wp\/v2\/product"}],"about":[{"href":"https:\/\/atvadas.lv\/lv\/wp-json\/wp\/v2\/types\/product"}],"replies":[{"embeddable":true,"href":"https:\/\/atvadas.lv\/lv\/wp-json\/wp\/v2\/comments?post=28818"}],"wp:featuredmedia":[{"embeddable":true,"href":"https:\/\/atvadas.lv\/lv\/wp-json\/wp\/v2\/media\/28819"}],"wp:attachment":[{"href":"https:\/\/atvadas.lv\/lv\/wp-json\/wp\/v2\/media?parent=28818"}],"wp:term":[{"taxonomy":"product_brand","embeddable":true,"href":"https:\/\/atvadas.lv\/lv\/wp-json\/wp\/v2\/product_brand?post=28818"},{"taxonomy":"product_cat","embeddable":true,"href":"https:\/\/atvadas.lv\/lv\/wp-json\/wp\/v2\/product_cat?post=28818"},{"taxonomy":"product_tag","embeddable":true,"href":"https:\/\/atvadas.lv\/lv\/wp-json\/wp\/v2\/product_tag?post=28818"}],"curies":[{"name":"wp","href":"https:\/\/api.w.org\/{rel}","templated":true}]}}