{"id":28814,"date":"2025-11-24T15:34:28","date_gmt":"2025-11-24T15:34:28","guid":{"rendered":"https:\/\/atvadas.lv\/?post_type=product&#038;p=28814"},"modified":"2026-02-28T13:19:45","modified_gmt":"2026-02-28T13:19:45","slug":"beru-vainags","status":"publish","type":"product","link":"https:\/\/atvadas.lv\/lv\/prece\/beru-vainags","title":{"rendered":"B\u0113ru vainags"},"content":{"rendered":"<ul>\n<li>Modelis: S314<\/li>\n<li>Forma: \u0161trauss<\/li>\n<li>Piez\u012bmes: B\u0113ru \u0161trauss ar sezonas ziediem. Univers\u0101ls risin\u0101jums. Piem\u0113rots da\u017e\u0101d\u0101m ceremonij\u0101m.<\/li>\n<\/ul>\n","protected":false},"excerpt":{"rendered":"<p>Modelis: S314 Forma: \u0161trauss Piez\u012bmes: B\u0113ru \u0161trauss ar sezonas ziediem. Univers\u0101ls risin\u0101jums. Piem\u0113rots da\u017e\u0101d\u0101m ceremonij\u0101m.<\/p>\n","protected":false},"featured_media":28815,"comment_status":"closed","ping_status":"closed","template":"","meta":{"_eb_attr":"","_glsr_average":0,"_glsr_ranking":0,"_glsr_reviews":0},"product_brand":[],"product_cat":[56],"product_tag":[],"class_list":{"0":"post-28814","1":"product","2":"type-product","3":"status-publish","4":"has-post-thumbnail","6":"product_cat-seru-ziedi","8":"first","9":"instock","10":"taxable","11":"shipping-taxable","12":"purchasable","13":"product-type-simple"},"_links":{"self":[{"href":"https:\/\/atvadas.lv\/lv\/wp-json\/wp\/v2\/product\/28814","targetHints":{"allow":["GET"]}}],"collection":[{"href":"https:\/\/atvadas.lv\/lv\/wp-json\/wp\/v2\/product"}],"about":[{"href":"https:\/\/atvadas.lv\/lv\/wp-json\/wp\/v2\/types\/product"}],"replies":[{"embeddable":true,"href":"https:\/\/atvadas.lv\/lv\/wp-json\/wp\/v2\/comments?post=28814"}],"wp:featuredmedia":[{"embeddable":true,"href":"https:\/\/atvadas.lv\/lv\/wp-json\/wp\/v2\/media\/28815"}],"wp:attachment":[{"href":"https:\/\/atvadas.lv\/lv\/wp-json\/wp\/v2\/media?parent=28814"}],"wp:term":[{"taxonomy":"product_brand","embeddable":true,"href":"https:\/\/atvadas.lv\/lv\/wp-json\/wp\/v2\/product_brand?post=28814"},{"taxonomy":"product_cat","embeddable":true,"href":"https:\/\/atvadas.lv\/lv\/wp-json\/wp\/v2\/product_cat?post=28814"},{"taxonomy":"product_tag","embeddable":true,"href":"https:\/\/atvadas.lv\/lv\/wp-json\/wp\/v2\/product_tag?post=28814"}],"curies":[{"name":"wp","href":"https:\/\/api.w.org\/{rel}","templated":true}]}}