{"id":28812,"date":"2025-11-24T15:27:49","date_gmt":"2025-11-24T15:27:49","guid":{"rendered":"https:\/\/atvadas.lv\/?post_type=product&#038;p=28812"},"modified":"2026-02-28T13:18:23","modified_gmt":"2026-02-28T13:18:23","slug":"vainags-ar-dzeltenam-rozem","status":"publish","type":"product","link":"https:\/\/atvadas.lv\/lv\/prece\/vainags-ar-dzeltenam-rozem","title":{"rendered":"Vainags ar dzelten\u0101m roz\u0113m"},"content":{"rendered":"<ul>\n<li>Modelis: S313<\/li>\n<li>Forma: \u0161trauss<\/li>\n<li>Piez\u012bmes: \u0160trauss ar dzelten\u0101m roz\u0113m. Gai\u0161s to\u0146u salikums. Piem\u0113rots s\u0113ru ceremonij\u0101m.<\/li>\n<\/ul>\n","protected":false},"excerpt":{"rendered":"<p>Modelis: S313 Forma: \u0161trauss Piez\u012bmes: \u0160trauss ar dzelten\u0101m roz\u0113m. Gai\u0161s to\u0146u salikums. Piem\u0113rots s\u0113ru ceremonij\u0101m.<\/p>\n","protected":false},"featured_media":28813,"comment_status":"closed","ping_status":"closed","template":"","meta":{"_eb_attr":"","_glsr_average":0,"_glsr_ranking":0,"_glsr_reviews":0},"product_brand":[],"product_cat":[56],"product_tag":[],"class_list":{"0":"post-28812","1":"product","2":"type-product","3":"status-publish","4":"has-post-thumbnail","6":"product_cat-seru-ziedi","8":"first","9":"instock","10":"taxable","11":"shipping-taxable","12":"purchasable","13":"product-type-simple"},"_links":{"self":[{"href":"https:\/\/atvadas.lv\/lv\/wp-json\/wp\/v2\/product\/28812","targetHints":{"allow":["GET"]}}],"collection":[{"href":"https:\/\/atvadas.lv\/lv\/wp-json\/wp\/v2\/product"}],"about":[{"href":"https:\/\/atvadas.lv\/lv\/wp-json\/wp\/v2\/types\/product"}],"replies":[{"embeddable":true,"href":"https:\/\/atvadas.lv\/lv\/wp-json\/wp\/v2\/comments?post=28812"}],"wp:featuredmedia":[{"embeddable":true,"href":"https:\/\/atvadas.lv\/lv\/wp-json\/wp\/v2\/media\/28813"}],"wp:attachment":[{"href":"https:\/\/atvadas.lv\/lv\/wp-json\/wp\/v2\/media?parent=28812"}],"wp:term":[{"taxonomy":"product_brand","embeddable":true,"href":"https:\/\/atvadas.lv\/lv\/wp-json\/wp\/v2\/product_brand?post=28812"},{"taxonomy":"product_cat","embeddable":true,"href":"https:\/\/atvadas.lv\/lv\/wp-json\/wp\/v2\/product_cat?post=28812"},{"taxonomy":"product_tag","embeddable":true,"href":"https:\/\/atvadas.lv\/lv\/wp-json\/wp\/v2\/product_tag?post=28812"}],"curies":[{"name":"wp","href":"https:\/\/api.w.org\/{rel}","templated":true}]}}