{"id":28808,"date":"2025-11-24T14:39:39","date_gmt":"2025-11-24T14:39:39","guid":{"rendered":"https:\/\/atvadas.lv\/?post_type=product&#038;p=28808"},"modified":"2026-02-28T13:15:01","modified_gmt":"2026-02-28T13:15:01","slug":"beru-vainags-ar-rozem-un-orhidejam","status":"publish","type":"product","link":"https:\/\/atvadas.lv\/lv\/prece\/beru-vainags-ar-rozem-un-orhidejam","title":{"rendered":"B\u0113ru vainags ar roz\u0113m un orhidej\u0101m"},"content":{"rendered":"<ul>\n<li>Modelis: S306<\/li>\n<li>Forma: \u0161trauss<\/li>\n<li>Piez\u012b<span class=\"hljs-keyword\">mes<\/span>: B\u0113<span class=\"hljs-keyword\">ru<\/span> \u0161trauss <span class=\"hljs-keyword\">ar<\/span> roz\u0113<span class=\"hljs-keyword\">m<\/span> un orhidej\u0101<span class=\"hljs-keyword\">m<\/span>. Kombin\u0113<span class=\"hljs-keyword\">ts<\/span> ziedu salikums. Kompakts form\u0101<span class=\"hljs-keyword\">ts<\/span>.<\/li>\n<\/ul>\n","protected":false},"excerpt":{"rendered":"<p>Modelis: S306 Forma: \u0161trauss Piez\u012bmes: B\u0113ru \u0161trauss ar roz\u0113m un orhidej\u0101m. Kombin\u0113ts ziedu salikums. Kompakts form\u0101ts.<\/p>\n","protected":false},"featured_media":28809,"comment_status":"closed","ping_status":"closed","template":"","meta":{"_eb_attr":"","_glsr_average":0,"_glsr_ranking":0,"_glsr_reviews":0},"product_brand":[],"product_cat":[56],"product_tag":[],"class_list":{"0":"post-28808","1":"product","2":"type-product","3":"status-publish","4":"has-post-thumbnail","6":"product_cat-seru-ziedi","8":"first","9":"instock","10":"taxable","11":"shipping-taxable","12":"purchasable","13":"product-type-simple"},"_links":{"self":[{"href":"https:\/\/atvadas.lv\/lv\/wp-json\/wp\/v2\/product\/28808","targetHints":{"allow":["GET"]}}],"collection":[{"href":"https:\/\/atvadas.lv\/lv\/wp-json\/wp\/v2\/product"}],"about":[{"href":"https:\/\/atvadas.lv\/lv\/wp-json\/wp\/v2\/types\/product"}],"replies":[{"embeddable":true,"href":"https:\/\/atvadas.lv\/lv\/wp-json\/wp\/v2\/comments?post=28808"}],"wp:featuredmedia":[{"embeddable":true,"href":"https:\/\/atvadas.lv\/lv\/wp-json\/wp\/v2\/media\/28809"}],"wp:attachment":[{"href":"https:\/\/atvadas.lv\/lv\/wp-json\/wp\/v2\/media?parent=28808"}],"wp:term":[{"taxonomy":"product_brand","embeddable":true,"href":"https:\/\/atvadas.lv\/lv\/wp-json\/wp\/v2\/product_brand?post=28808"},{"taxonomy":"product_cat","embeddable":true,"href":"https:\/\/atvadas.lv\/lv\/wp-json\/wp\/v2\/product_cat?post=28808"},{"taxonomy":"product_tag","embeddable":true,"href":"https:\/\/atvadas.lv\/lv\/wp-json\/wp\/v2\/product_tag?post=28808"}],"curies":[{"name":"wp","href":"https:\/\/api.w.org\/{rel}","templated":true}]}}