{"id":28806,"date":"2025-11-24T14:35:21","date_gmt":"2025-11-24T14:35:21","guid":{"rendered":"https:\/\/atvadas.lv\/?post_type=product&#038;p=28806"},"modified":"2026-02-28T13:13:01","modified_gmt":"2026-02-28T13:13:01","slug":"seru-vainags-ar-baltam-rozem","status":"publish","type":"product","link":"https:\/\/atvadas.lv\/lv\/prece\/seru-vainags-ar-baltam-rozem","title":{"rendered":"S\u0113ru vainags ar balt\u0101m roz\u0113m"},"content":{"rendered":"<ul>\n<li>Modelis: V302<\/li>\n<li>Forma: 80cm diametrs<\/li>\n<li>Piez\u012bmes: Vainags ar balt\u0101m roz\u0113m. Augstv\u0113rt\u012bgi ziedi. Piem\u0113rots \u012bpa\u0161\u0101m ceremonij\u0101m.<\/li>\n<\/ul>\n","protected":false},"excerpt":{"rendered":"<p>Modelis: V302 Forma: 80cm diametrs Piez\u012bmes: Vainags ar balt\u0101m roz\u0113m. Augstv\u0113rt\u012bgi ziedi. Piem\u0113rots \u012bpa\u0161\u0101m ceremonij\u0101m.<\/p>\n","protected":false},"featured_media":28807,"comment_status":"closed","ping_status":"closed","template":"","meta":{"_eb_attr":"","_glsr_average":0,"_glsr_ranking":0,"_glsr_reviews":0},"product_brand":[],"product_cat":[56],"product_tag":[],"class_list":{"0":"post-28806","1":"product","2":"type-product","3":"status-publish","4":"has-post-thumbnail","6":"product_cat-seru-ziedi","8":"first","9":"instock","10":"taxable","11":"shipping-taxable","12":"purchasable","13":"product-type-simple"},"_links":{"self":[{"href":"https:\/\/atvadas.lv\/lv\/wp-json\/wp\/v2\/product\/28806","targetHints":{"allow":["GET"]}}],"collection":[{"href":"https:\/\/atvadas.lv\/lv\/wp-json\/wp\/v2\/product"}],"about":[{"href":"https:\/\/atvadas.lv\/lv\/wp-json\/wp\/v2\/types\/product"}],"replies":[{"embeddable":true,"href":"https:\/\/atvadas.lv\/lv\/wp-json\/wp\/v2\/comments?post=28806"}],"wp:featuredmedia":[{"embeddable":true,"href":"https:\/\/atvadas.lv\/lv\/wp-json\/wp\/v2\/media\/28807"}],"wp:attachment":[{"href":"https:\/\/atvadas.lv\/lv\/wp-json\/wp\/v2\/media?parent=28806"}],"wp:term":[{"taxonomy":"product_brand","embeddable":true,"href":"https:\/\/atvadas.lv\/lv\/wp-json\/wp\/v2\/product_brand?post=28806"},{"taxonomy":"product_cat","embeddable":true,"href":"https:\/\/atvadas.lv\/lv\/wp-json\/wp\/v2\/product_cat?post=28806"},{"taxonomy":"product_tag","embeddable":true,"href":"https:\/\/atvadas.lv\/lv\/wp-json\/wp\/v2\/product_tag?post=28806"}],"curies":[{"name":"wp","href":"https:\/\/api.w.org\/{rel}","templated":true}]}}