{"id":28804,"date":"2025-11-24T14:30:10","date_gmt":"2025-11-24T14:30:10","guid":{"rendered":"https:\/\/atvadas.lv\/?post_type=product&#038;p=28804"},"modified":"2026-02-28T13:11:23","modified_gmt":"2026-02-28T13:11:23","slug":"beru-vainags-ar-baltam-krizantemam","status":"publish","type":"product","link":"https:\/\/atvadas.lv\/lv\/prece\/beru-vainags-ar-baltam-krizantemam","title":{"rendered":"B\u0113ru vainags ar balt\u0101m krizant\u0113m\u0101m"},"content":{"rendered":"<ul>\n<li>Modelis: S254<\/li>\n<li>Forma: \u0161trauss<\/li>\n<li>Piez\u012bmes: B\u0113ru \u0161trauss ar balt\u0101m krizant\u0113m\u0101m. Ekonomisks risin\u0101jums. Ilgsto\u0161s ziedu veids.<\/li>\n<\/ul>\n","protected":false},"excerpt":{"rendered":"<p>Modelis: S254 Forma: \u0161trauss Piez\u012bmes: B\u0113ru \u0161trauss ar balt\u0101m krizant\u0113m\u0101m. Ekonomisks risin\u0101jums. Ilgsto\u0161s ziedu veids.<\/p>\n","protected":false},"featured_media":28805,"comment_status":"closed","ping_status":"closed","template":"","meta":{"_eb_attr":"","_glsr_average":0,"_glsr_ranking":0,"_glsr_reviews":0},"product_brand":[],"product_cat":[56],"product_tag":[],"class_list":{"0":"post-28804","1":"product","2":"type-product","3":"status-publish","4":"has-post-thumbnail","6":"product_cat-seru-ziedi","8":"first","9":"instock","10":"taxable","11":"shipping-taxable","12":"purchasable","13":"product-type-simple"},"_links":{"self":[{"href":"https:\/\/atvadas.lv\/lv\/wp-json\/wp\/v2\/product\/28804","targetHints":{"allow":["GET"]}}],"collection":[{"href":"https:\/\/atvadas.lv\/lv\/wp-json\/wp\/v2\/product"}],"about":[{"href":"https:\/\/atvadas.lv\/lv\/wp-json\/wp\/v2\/types\/product"}],"replies":[{"embeddable":true,"href":"https:\/\/atvadas.lv\/lv\/wp-json\/wp\/v2\/comments?post=28804"}],"wp:featuredmedia":[{"embeddable":true,"href":"https:\/\/atvadas.lv\/lv\/wp-json\/wp\/v2\/media\/28805"}],"wp:attachment":[{"href":"https:\/\/atvadas.lv\/lv\/wp-json\/wp\/v2\/media?parent=28804"}],"wp:term":[{"taxonomy":"product_brand","embeddable":true,"href":"https:\/\/atvadas.lv\/lv\/wp-json\/wp\/v2\/product_brand?post=28804"},{"taxonomy":"product_cat","embeddable":true,"href":"https:\/\/atvadas.lv\/lv\/wp-json\/wp\/v2\/product_cat?post=28804"},{"taxonomy":"product_tag","embeddable":true,"href":"https:\/\/atvadas.lv\/lv\/wp-json\/wp\/v2\/product_tag?post=28804"}],"curies":[{"name":"wp","href":"https:\/\/api.w.org\/{rel}","templated":true}]}}