{"id":28801,"date":"2025-11-24T14:20:56","date_gmt":"2025-11-24T14:20:56","guid":{"rendered":"https:\/\/atvadas.lv\/?post_type=product&#038;p=28801"},"modified":"2026-02-28T13:09:40","modified_gmt":"2026-02-28T13:09:40","slug":"klasisks-seru-vainags-ar-rozem","status":"publish","type":"product","link":"https:\/\/atvadas.lv\/lv\/prece\/klasisks-seru-vainags-ar-rozem","title":{"rendered":"Klasisks s\u0113ru vainags ar roz\u0113m"},"content":{"rendered":"<ul>\n<li>Modelis: V242<\/li>\n<li>Forma: 90cm diametrs<\/li>\n<li>Piez\u012bmes: Vainags ar roz\u0113m tradicion\u0101l\u0101 stil\u0101. Klasiska kompoz\u012bcija. Piem\u0113rots da\u017e\u0101d\u0101m ceremonij\u0101m.<\/li>\n<\/ul>\n","protected":false},"excerpt":{"rendered":"<p>Modelis: V242 Forma: 90cm diametrs Piez\u012bmes: Vainags ar roz\u0113m tradicion\u0101l\u0101 stil\u0101. Klasiska kompoz\u012bcija. Piem\u0113rots da\u017e\u0101d\u0101m ceremonij\u0101m.<\/p>\n","protected":false},"featured_media":28802,"comment_status":"closed","ping_status":"closed","template":"","meta":{"_eb_attr":"","_glsr_average":0,"_glsr_ranking":0,"_glsr_reviews":0},"product_brand":[],"product_cat":[56],"product_tag":[],"class_list":{"0":"post-28801","1":"product","2":"type-product","3":"status-publish","4":"has-post-thumbnail","6":"product_cat-seru-ziedi","8":"first","9":"instock","10":"taxable","11":"shipping-taxable","12":"purchasable","13":"product-type-simple"},"_links":{"self":[{"href":"https:\/\/atvadas.lv\/lv\/wp-json\/wp\/v2\/product\/28801","targetHints":{"allow":["GET"]}}],"collection":[{"href":"https:\/\/atvadas.lv\/lv\/wp-json\/wp\/v2\/product"}],"about":[{"href":"https:\/\/atvadas.lv\/lv\/wp-json\/wp\/v2\/types\/product"}],"replies":[{"embeddable":true,"href":"https:\/\/atvadas.lv\/lv\/wp-json\/wp\/v2\/comments?post=28801"}],"wp:featuredmedia":[{"embeddable":true,"href":"https:\/\/atvadas.lv\/lv\/wp-json\/wp\/v2\/media\/28802"}],"wp:attachment":[{"href":"https:\/\/atvadas.lv\/lv\/wp-json\/wp\/v2\/media?parent=28801"}],"wp:term":[{"taxonomy":"product_brand","embeddable":true,"href":"https:\/\/atvadas.lv\/lv\/wp-json\/wp\/v2\/product_brand?post=28801"},{"taxonomy":"product_cat","embeddable":true,"href":"https:\/\/atvadas.lv\/lv\/wp-json\/wp\/v2\/product_cat?post=28801"},{"taxonomy":"product_tag","embeddable":true,"href":"https:\/\/atvadas.lv\/lv\/wp-json\/wp\/v2\/product_tag?post=28801"}],"curies":[{"name":"wp","href":"https:\/\/api.w.org\/{rel}","templated":true}]}}