{"id":28798,"date":"2025-11-24T14:12:04","date_gmt":"2025-11-24T14:12:04","guid":{"rendered":"https:\/\/atvadas.lv\/?post_type=product&#038;p=28798"},"modified":"2026-02-28T13:07:01","modified_gmt":"2026-02-28T13:07:01","slug":"maigs-beru-vainags","status":"publish","type":"product","link":"https:\/\/atvadas.lv\/lv\/prece\/maigs-beru-vainags","title":{"rendered":"Maigs b\u0113ru vainags"},"content":{"rendered":"<ul>\n<li>Modelis: S200<\/li>\n<li>Forma: \u0161trauss<\/li>\n<li>Piez\u012bmes: \u0160trauss ar ziediem maigos to\u0146os. Delik\u0101ts salikums. Piem\u0113rots priv\u0101t\u0101m ceremonij\u0101m.<\/li>\n<\/ul>\n","protected":false},"excerpt":{"rendered":"<p>Modelis: S200 Forma: \u0161trauss Piez\u012bmes: \u0160trauss ar ziediem maigos to\u0146os. Delik\u0101ts salikums. Piem\u0113rots priv\u0101t\u0101m ceremonij\u0101m.<\/p>\n","protected":false},"featured_media":28799,"comment_status":"closed","ping_status":"closed","template":"","meta":{"_eb_attr":"","_glsr_average":0,"_glsr_ranking":0,"_glsr_reviews":0},"product_brand":[],"product_cat":[56],"product_tag":[],"class_list":{"0":"post-28798","1":"product","2":"type-product","3":"status-publish","4":"has-post-thumbnail","6":"product_cat-seru-ziedi","8":"first","9":"instock","10":"taxable","11":"shipping-taxable","12":"purchasable","13":"product-type-simple"},"_links":{"self":[{"href":"https:\/\/atvadas.lv\/lv\/wp-json\/wp\/v2\/product\/28798","targetHints":{"allow":["GET"]}}],"collection":[{"href":"https:\/\/atvadas.lv\/lv\/wp-json\/wp\/v2\/product"}],"about":[{"href":"https:\/\/atvadas.lv\/lv\/wp-json\/wp\/v2\/types\/product"}],"replies":[{"embeddable":true,"href":"https:\/\/atvadas.lv\/lv\/wp-json\/wp\/v2\/comments?post=28798"}],"wp:featuredmedia":[{"embeddable":true,"href":"https:\/\/atvadas.lv\/lv\/wp-json\/wp\/v2\/media\/28799"}],"wp:attachment":[{"href":"https:\/\/atvadas.lv\/lv\/wp-json\/wp\/v2\/media?parent=28798"}],"wp:term":[{"taxonomy":"product_brand","embeddable":true,"href":"https:\/\/atvadas.lv\/lv\/wp-json\/wp\/v2\/product_brand?post=28798"},{"taxonomy":"product_cat","embeddable":true,"href":"https:\/\/atvadas.lv\/lv\/wp-json\/wp\/v2\/product_cat?post=28798"},{"taxonomy":"product_tag","embeddable":true,"href":"https:\/\/atvadas.lv\/lv\/wp-json\/wp\/v2\/product_tag?post=28798"}],"curies":[{"name":"wp","href":"https:\/\/api.w.org\/{rel}","templated":true}]}}