{"id":28793,"date":"2025-11-24T13:58:38","date_gmt":"2025-11-24T13:58:38","guid":{"rendered":"https:\/\/atvadas.lv\/?post_type=product&#038;p=28793"},"modified":"2026-02-28T13:02:14","modified_gmt":"2026-02-28T13:02:14","slug":"baltu-ziedu-beru-vainags","status":"publish","type":"product","link":"https:\/\/atvadas.lv\/lv\/prece\/baltu-ziedu-beru-vainags","title":{"rendered":"Baltu ziedu b\u0113ru vainags"},"content":{"rendered":"<ul>\n<li>Modelis: S159<\/li>\n<li>Forma: \u0161trauss<\/li>\n<li>Piez\u012b<span class=\"hljs-keyword\">mes<\/span>: \u0160trauss <span class=\"hljs-keyword\">ar<\/span> baltiem ziediem. Klasiska izv\u0113<span class=\"hljs-keyword\">le<\/span> <span class=\"hljs-keyword\">b<\/span>\u0113<span class=\"hljs-keyword\">ru<\/span> un krem\u0101cijas ceremonij\u0101<span class=\"hljs-keyword\">m<\/span>.<\/li>\n<\/ul>\n","protected":false},"excerpt":{"rendered":"<p>Modelis: S159 Forma: \u0161trauss Piez\u012bmes: \u0160trauss ar baltiem ziediem. Klasiska izv\u0113le b\u0113ru un krem\u0101cijas ceremonij\u0101m.<\/p>\n","protected":false},"featured_media":28794,"comment_status":"closed","ping_status":"closed","template":"","meta":{"_eb_attr":"","_glsr_average":0,"_glsr_ranking":0,"_glsr_reviews":0},"product_brand":[],"product_cat":[56],"product_tag":[],"class_list":{"0":"post-28793","1":"product","2":"type-product","3":"status-publish","4":"has-post-thumbnail","6":"product_cat-seru-ziedi","8":"first","9":"instock","10":"taxable","11":"shipping-taxable","12":"purchasable","13":"product-type-simple"},"_links":{"self":[{"href":"https:\/\/atvadas.lv\/lv\/wp-json\/wp\/v2\/product\/28793","targetHints":{"allow":["GET"]}}],"collection":[{"href":"https:\/\/atvadas.lv\/lv\/wp-json\/wp\/v2\/product"}],"about":[{"href":"https:\/\/atvadas.lv\/lv\/wp-json\/wp\/v2\/types\/product"}],"replies":[{"embeddable":true,"href":"https:\/\/atvadas.lv\/lv\/wp-json\/wp\/v2\/comments?post=28793"}],"wp:featuredmedia":[{"embeddable":true,"href":"https:\/\/atvadas.lv\/lv\/wp-json\/wp\/v2\/media\/28794"}],"wp:attachment":[{"href":"https:\/\/atvadas.lv\/lv\/wp-json\/wp\/v2\/media?parent=28793"}],"wp:term":[{"taxonomy":"product_brand","embeddable":true,"href":"https:\/\/atvadas.lv\/lv\/wp-json\/wp\/v2\/product_brand?post=28793"},{"taxonomy":"product_cat","embeddable":true,"href":"https:\/\/atvadas.lv\/lv\/wp-json\/wp\/v2\/product_cat?post=28793"},{"taxonomy":"product_tag","embeddable":true,"href":"https:\/\/atvadas.lv\/lv\/wp-json\/wp\/v2\/product_tag?post=28793"}],"curies":[{"name":"wp","href":"https:\/\/api.w.org\/{rel}","templated":true}]}}