{"id":28789,"date":"2025-11-24T13:46:56","date_gmt":"2025-11-24T13:46:56","guid":{"rendered":"https:\/\/atvadas.lv\/?post_type=product&#038;p=28789"},"modified":"2026-02-27T18:08:29","modified_gmt":"2026-02-27T18:08:29","slug":"beru-vainags-ar-oranzam-rozem","status":"publish","type":"product","link":"https:\/\/atvadas.lv\/lv\/prece\/beru-vainags-ar-oranzam-rozem","title":{"rendered":"B\u0113ru vainags ar oran\u017e\u0101m roz\u0113m"},"content":{"rendered":"<ul>\n<li>Modelis: S157<\/li>\n<li>Forma: \u0161trauss<\/li>\n<li>Piez\u012bmes: \u0160trauss ar oran\u017e\u0101m roz\u0113m. Spilgta kr\u0101sa. Kompakts form\u0101ts krem\u0101cijas ceremonijai.<\/li>\n<\/ul>\n","protected":false},"excerpt":{"rendered":"<p>Modelis: S157 Forma: \u0161trauss Piez\u012bmes: \u0160trauss ar oran\u017e\u0101m roz\u0113m. Spilgta kr\u0101sa. Kompakts form\u0101ts krem\u0101cijas ceremonijai.<\/p>\n","protected":false},"featured_media":28790,"comment_status":"closed","ping_status":"closed","template":"","meta":{"_eb_attr":"","_glsr_average":0,"_glsr_ranking":0,"_glsr_reviews":0},"product_brand":[],"product_cat":[56],"product_tag":[],"class_list":{"0":"post-28789","1":"product","2":"type-product","3":"status-publish","4":"has-post-thumbnail","6":"product_cat-seru-ziedi","8":"first","9":"instock","10":"taxable","11":"shipping-taxable","12":"purchasable","13":"product-type-simple"},"_links":{"self":[{"href":"https:\/\/atvadas.lv\/lv\/wp-json\/wp\/v2\/product\/28789","targetHints":{"allow":["GET"]}}],"collection":[{"href":"https:\/\/atvadas.lv\/lv\/wp-json\/wp\/v2\/product"}],"about":[{"href":"https:\/\/atvadas.lv\/lv\/wp-json\/wp\/v2\/types\/product"}],"replies":[{"embeddable":true,"href":"https:\/\/atvadas.lv\/lv\/wp-json\/wp\/v2\/comments?post=28789"}],"wp:featuredmedia":[{"embeddable":true,"href":"https:\/\/atvadas.lv\/lv\/wp-json\/wp\/v2\/media\/28790"}],"wp:attachment":[{"href":"https:\/\/atvadas.lv\/lv\/wp-json\/wp\/v2\/media?parent=28789"}],"wp:term":[{"taxonomy":"product_brand","embeddable":true,"href":"https:\/\/atvadas.lv\/lv\/wp-json\/wp\/v2\/product_brand?post=28789"},{"taxonomy":"product_cat","embeddable":true,"href":"https:\/\/atvadas.lv\/lv\/wp-json\/wp\/v2\/product_cat?post=28789"},{"taxonomy":"product_tag","embeddable":true,"href":"https:\/\/atvadas.lv\/lv\/wp-json\/wp\/v2\/product_tag?post=28789"}],"curies":[{"name":"wp","href":"https:\/\/api.w.org\/{rel}","templated":true}]}}