{"id":28785,"date":"2025-11-24T13:35:00","date_gmt":"2025-11-24T13:35:00","guid":{"rendered":"https:\/\/atvadas.lv\/?post_type=product&#038;p=28785"},"modified":"2026-02-27T18:03:41","modified_gmt":"2026-02-27T18:03:41","slug":"seru-vainags-ar-baltam-gerberam","status":"publish","type":"product","link":"https:\/\/atvadas.lv\/lv\/prece\/seru-vainags-ar-baltam-gerberam","title":{"rendered":"S\u0113ru vainags ar balt\u0101m gerber\u0101m"},"content":{"rendered":"<ul>\n<li>Modelis: V119<\/li>\n<li>Forma: 80cm diametrs<\/li>\n<li>Piez\u012bmes: Vainags ar balt\u0101m gerber\u0101m. Gai\u0161s ziedu salikums. Univers\u0101ls risin\u0101jums.<\/li>\n<\/ul>\n","protected":false},"excerpt":{"rendered":"<p>Modelis: V119 Forma: 80cm diametrs Piez\u012bmes: Vainags ar balt\u0101m gerber\u0101m. Gai\u0161s ziedu salikums. Univers\u0101ls risin\u0101jums.<\/p>\n","protected":false},"featured_media":28786,"comment_status":"closed","ping_status":"closed","template":"","meta":{"_eb_attr":"","_glsr_average":0,"_glsr_ranking":0,"_glsr_reviews":0},"product_brand":[],"product_cat":[56],"product_tag":[],"class_list":{"0":"post-28785","1":"product","2":"type-product","3":"status-publish","4":"has-post-thumbnail","6":"product_cat-seru-ziedi","8":"first","9":"instock","10":"taxable","11":"shipping-taxable","12":"purchasable","13":"product-type-simple"},"_links":{"self":[{"href":"https:\/\/atvadas.lv\/lv\/wp-json\/wp\/v2\/product\/28785","targetHints":{"allow":["GET"]}}],"collection":[{"href":"https:\/\/atvadas.lv\/lv\/wp-json\/wp\/v2\/product"}],"about":[{"href":"https:\/\/atvadas.lv\/lv\/wp-json\/wp\/v2\/types\/product"}],"replies":[{"embeddable":true,"href":"https:\/\/atvadas.lv\/lv\/wp-json\/wp\/v2\/comments?post=28785"}],"wp:featuredmedia":[{"embeddable":true,"href":"https:\/\/atvadas.lv\/lv\/wp-json\/wp\/v2\/media\/28786"}],"wp:attachment":[{"href":"https:\/\/atvadas.lv\/lv\/wp-json\/wp\/v2\/media?parent=28785"}],"wp:term":[{"taxonomy":"product_brand","embeddable":true,"href":"https:\/\/atvadas.lv\/lv\/wp-json\/wp\/v2\/product_brand?post=28785"},{"taxonomy":"product_cat","embeddable":true,"href":"https:\/\/atvadas.lv\/lv\/wp-json\/wp\/v2\/product_cat?post=28785"},{"taxonomy":"product_tag","embeddable":true,"href":"https:\/\/atvadas.lv\/lv\/wp-json\/wp\/v2\/product_tag?post=28785"}],"curies":[{"name":"wp","href":"https:\/\/api.w.org\/{rel}","templated":true}]}}