{"id":28783,"date":"2025-11-24T13:29:39","date_gmt":"2025-11-24T13:29:39","guid":{"rendered":"https:\/\/atvadas.lv\/?post_type=product&#038;p=28783"},"modified":"2026-02-27T18:01:48","modified_gmt":"2026-02-27T18:01:48","slug":"beru-vainags-ar-divu-tonu-ziediem","status":"publish","type":"product","link":"https:\/\/atvadas.lv\/lv\/prece\/beru-vainags-ar-divu-tonu-ziediem","title":{"rendered":"B\u0113ru vainags ar divu to\u0146u ziediem"},"content":{"rendered":"<ul>\n<li>Modelis: V117<\/li>\n<li>Forma: 80cm diametrs<\/li>\n<li>Piez\u012bmes: Vainags ar divu kr\u0101su ziediem. Kontrasta to\u0146u kombin\u0101cija.<\/li>\n<\/ul>\n","protected":false},"excerpt":{"rendered":"<p>Modelis: V117 Forma: 80cm diametrs Piez\u012bmes: Vainags ar divu kr\u0101su ziediem. Kontrasta to\u0146u kombin\u0101cija.<\/p>\n","protected":false},"featured_media":28784,"comment_status":"closed","ping_status":"closed","template":"","meta":{"_eb_attr":"","_glsr_average":0,"_glsr_ranking":0,"_glsr_reviews":0},"product_brand":[],"product_cat":[56],"product_tag":[],"class_list":{"0":"post-28783","1":"product","2":"type-product","3":"status-publish","4":"has-post-thumbnail","6":"product_cat-seru-ziedi","8":"first","9":"instock","10":"taxable","11":"shipping-taxable","12":"purchasable","13":"product-type-simple"},"_links":{"self":[{"href":"https:\/\/atvadas.lv\/lv\/wp-json\/wp\/v2\/product\/28783","targetHints":{"allow":["GET"]}}],"collection":[{"href":"https:\/\/atvadas.lv\/lv\/wp-json\/wp\/v2\/product"}],"about":[{"href":"https:\/\/atvadas.lv\/lv\/wp-json\/wp\/v2\/types\/product"}],"replies":[{"embeddable":true,"href":"https:\/\/atvadas.lv\/lv\/wp-json\/wp\/v2\/comments?post=28783"}],"wp:featuredmedia":[{"embeddable":true,"href":"https:\/\/atvadas.lv\/lv\/wp-json\/wp\/v2\/media\/28784"}],"wp:attachment":[{"href":"https:\/\/atvadas.lv\/lv\/wp-json\/wp\/v2\/media?parent=28783"}],"wp:term":[{"taxonomy":"product_brand","embeddable":true,"href":"https:\/\/atvadas.lv\/lv\/wp-json\/wp\/v2\/product_brand?post=28783"},{"taxonomy":"product_cat","embeddable":true,"href":"https:\/\/atvadas.lv\/lv\/wp-json\/wp\/v2\/product_cat?post=28783"},{"taxonomy":"product_tag","embeddable":true,"href":"https:\/\/atvadas.lv\/lv\/wp-json\/wp\/v2\/product_tag?post=28783"}],"curies":[{"name":"wp","href":"https:\/\/api.w.org\/{rel}","templated":true}]}}