{"id":28781,"date":"2025-11-24T13:25:05","date_gmt":"2025-11-24T13:25:05","guid":{"rendered":"https:\/\/atvadas.lv\/?post_type=product&#038;p=28781"},"modified":"2026-02-27T17:59:50","modified_gmt":"2026-02-27T17:59:50","slug":"klasisks-seru-vainags-ar-gerberam","status":"publish","type":"product","link":"https:\/\/atvadas.lv\/lv\/prece\/klasisks-seru-vainags-ar-gerberam","title":{"rendered":"Klasisks s\u0113ru vainags ar gerber\u0101m"},"content":{"rendered":"<ul>\n<li>Modelis: V115<\/li>\n<li>Forma: 90cm diametrs<\/li>\n<li>Piez\u012bmes: Vainags ar gerber\u0101m klasisk\u0101 noform\u0113jum\u0101. Tradicion\u0101ls ziedu salikums.<\/li>\n<\/ul>\n","protected":false},"excerpt":{"rendered":"<p>Modelis: V115 Forma: 90cm diametrs Piez\u012bmes: Vainags ar gerber\u0101m klasisk\u0101 noform\u0113jum\u0101. Tradicion\u0101ls ziedu salikums.<\/p>\n","protected":false},"featured_media":28782,"comment_status":"closed","ping_status":"closed","template":"","meta":{"_eb_attr":"","_glsr_average":0,"_glsr_ranking":0,"_glsr_reviews":0},"product_brand":[],"product_cat":[56],"product_tag":[],"class_list":{"0":"post-28781","1":"product","2":"type-product","3":"status-publish","4":"has-post-thumbnail","6":"product_cat-seru-ziedi","8":"first","9":"instock","10":"taxable","11":"shipping-taxable","12":"purchasable","13":"product-type-simple"},"_links":{"self":[{"href":"https:\/\/atvadas.lv\/lv\/wp-json\/wp\/v2\/product\/28781","targetHints":{"allow":["GET"]}}],"collection":[{"href":"https:\/\/atvadas.lv\/lv\/wp-json\/wp\/v2\/product"}],"about":[{"href":"https:\/\/atvadas.lv\/lv\/wp-json\/wp\/v2\/types\/product"}],"replies":[{"embeddable":true,"href":"https:\/\/atvadas.lv\/lv\/wp-json\/wp\/v2\/comments?post=28781"}],"wp:featuredmedia":[{"embeddable":true,"href":"https:\/\/atvadas.lv\/lv\/wp-json\/wp\/v2\/media\/28782"}],"wp:attachment":[{"href":"https:\/\/atvadas.lv\/lv\/wp-json\/wp\/v2\/media?parent=28781"}],"wp:term":[{"taxonomy":"product_brand","embeddable":true,"href":"https:\/\/atvadas.lv\/lv\/wp-json\/wp\/v2\/product_brand?post=28781"},{"taxonomy":"product_cat","embeddable":true,"href":"https:\/\/atvadas.lv\/lv\/wp-json\/wp\/v2\/product_cat?post=28781"},{"taxonomy":"product_tag","embeddable":true,"href":"https:\/\/atvadas.lv\/lv\/wp-json\/wp\/v2\/product_tag?post=28781"}],"curies":[{"name":"wp","href":"https:\/\/api.w.org\/{rel}","templated":true}]}}