{"id":28775,"date":"2025-11-21T16:08:41","date_gmt":"2025-11-21T16:08:41","guid":{"rendered":"https:\/\/atvadas.lv\/?post_type=product&#038;p=28775"},"modified":"2026-02-27T17:35:22","modified_gmt":"2026-02-27T17:35:22","slug":"maigs-beru-vainags-ar-gerberam","status":"publish","type":"product","link":"https:\/\/atvadas.lv\/lv\/prece\/maigs-beru-vainags-ar-gerberam","title":{"rendered":"Maigs b\u0113ru vainags ar gerber\u0101m"},"content":{"rendered":"<ul>\n<li>Modelis: V90<\/li>\n<li>Forma: <span class=\"hljs-number\">90<\/span><span class=\"hljs-keyword\">cm<\/span> diametrs<\/li>\n<li>Piez\u012b<span class=\"hljs-keyword\">mes<\/span>: Vainags <span class=\"hljs-keyword\">ar<\/span> gerber\u0101<span class=\"hljs-keyword\">m<\/span> gai\u0161os <span class=\"hljs-keyword\">to<\/span>\u0146os. Maiga kr\u0101su gamma. Gaismaina un delik\u0101<span class=\"hljs-keyword\">ta<\/span> kompoz\u012bcija.<\/li>\n<\/ul>\n","protected":false},"excerpt":{"rendered":"<p>Modelis: V90 Forma: 90cm diametrs Piez\u012bmes: Vainags ar gerber\u0101m gai\u0161os to\u0146os. Maiga kr\u0101su gamma. Gaismaina un delik\u0101ta kompoz\u012bcija.<\/p>\n","protected":false},"featured_media":28800,"comment_status":"closed","ping_status":"closed","template":"","meta":{"_eb_attr":"","_glsr_average":0,"_glsr_ranking":0,"_glsr_reviews":0},"product_brand":[],"product_cat":[56],"product_tag":[],"class_list":{"0":"post-28775","1":"product","2":"type-product","3":"status-publish","4":"has-post-thumbnail","6":"product_cat-seru-ziedi","8":"first","9":"instock","10":"taxable","11":"shipping-taxable","12":"purchasable","13":"product-type-simple"},"_links":{"self":[{"href":"https:\/\/atvadas.lv\/lv\/wp-json\/wp\/v2\/product\/28775","targetHints":{"allow":["GET"]}}],"collection":[{"href":"https:\/\/atvadas.lv\/lv\/wp-json\/wp\/v2\/product"}],"about":[{"href":"https:\/\/atvadas.lv\/lv\/wp-json\/wp\/v2\/types\/product"}],"replies":[{"embeddable":true,"href":"https:\/\/atvadas.lv\/lv\/wp-json\/wp\/v2\/comments?post=28775"}],"wp:featuredmedia":[{"embeddable":true,"href":"https:\/\/atvadas.lv\/lv\/wp-json\/wp\/v2\/media\/28800"}],"wp:attachment":[{"href":"https:\/\/atvadas.lv\/lv\/wp-json\/wp\/v2\/media?parent=28775"}],"wp:term":[{"taxonomy":"product_brand","embeddable":true,"href":"https:\/\/atvadas.lv\/lv\/wp-json\/wp\/v2\/product_brand?post=28775"},{"taxonomy":"product_cat","embeddable":true,"href":"https:\/\/atvadas.lv\/lv\/wp-json\/wp\/v2\/product_cat?post=28775"},{"taxonomy":"product_tag","embeddable":true,"href":"https:\/\/atvadas.lv\/lv\/wp-json\/wp\/v2\/product_tag?post=28775"}],"curies":[{"name":"wp","href":"https:\/\/api.w.org\/{rel}","templated":true}]}}