{"id":28769,"date":"2025-11-21T15:51:27","date_gmt":"2025-11-21T15:51:27","guid":{"rendered":"https:\/\/atvadas.lv\/?post_type=product&#038;p=28769"},"modified":"2026-02-27T17:48:42","modified_gmt":"2026-02-27T17:48:42","slug":"beru-vainags-ar-rozem","status":"publish","type":"product","link":"https:\/\/atvadas.lv\/lv\/prece\/beru-vainags-ar-rozem","title":{"rendered":"B\u0113ru vainags ar roz\u0113m"},"content":{"rendered":"<ul>\n<li>Modelis: S74<\/li>\n<li>Forma: \u0161trauss<\/li>\n<li>Piez\u012b<span class=\"hljs-keyword\">mes<\/span>: Kompakts \u0161trauss <span class=\"hljs-keyword\">ar<\/span> roz\u0113<span class=\"hljs-keyword\">m<\/span>. Piem\u0113rots s\u0113<span class=\"hljs-keyword\">ru<\/span> ceremonijai.<\/li>\n<\/ul>\n","protected":false},"excerpt":{"rendered":"<p>Modelis: S74 Forma: \u0161trauss Piez\u012bmes: Kompakts \u0161trauss ar roz\u0113m. Piem\u0113rots s\u0113ru ceremonijai.<\/p>\n","protected":false},"featured_media":28770,"comment_status":"closed","ping_status":"closed","template":"","meta":{"_eb_attr":"","_glsr_average":0,"_glsr_ranking":0,"_glsr_reviews":0},"product_brand":[],"product_cat":[56],"product_tag":[],"class_list":{"0":"post-28769","1":"product","2":"type-product","3":"status-publish","4":"has-post-thumbnail","6":"product_cat-seru-ziedi","8":"first","9":"instock","10":"taxable","11":"shipping-taxable","12":"purchasable","13":"product-type-simple"},"_links":{"self":[{"href":"https:\/\/atvadas.lv\/lv\/wp-json\/wp\/v2\/product\/28769","targetHints":{"allow":["GET"]}}],"collection":[{"href":"https:\/\/atvadas.lv\/lv\/wp-json\/wp\/v2\/product"}],"about":[{"href":"https:\/\/atvadas.lv\/lv\/wp-json\/wp\/v2\/types\/product"}],"replies":[{"embeddable":true,"href":"https:\/\/atvadas.lv\/lv\/wp-json\/wp\/v2\/comments?post=28769"}],"wp:featuredmedia":[{"embeddable":true,"href":"https:\/\/atvadas.lv\/lv\/wp-json\/wp\/v2\/media\/28770"}],"wp:attachment":[{"href":"https:\/\/atvadas.lv\/lv\/wp-json\/wp\/v2\/media?parent=28769"}],"wp:term":[{"taxonomy":"product_brand","embeddable":true,"href":"https:\/\/atvadas.lv\/lv\/wp-json\/wp\/v2\/product_brand?post=28769"},{"taxonomy":"product_cat","embeddable":true,"href":"https:\/\/atvadas.lv\/lv\/wp-json\/wp\/v2\/product_cat?post=28769"},{"taxonomy":"product_tag","embeddable":true,"href":"https:\/\/atvadas.lv\/lv\/wp-json\/wp\/v2\/product_tag?post=28769"}],"curies":[{"name":"wp","href":"https:\/\/api.w.org\/{rel}","templated":true}]}}