{"id":28767,"date":"2025-11-21T15:41:25","date_gmt":"2025-11-21T15:41:25","guid":{"rendered":"https:\/\/atvadas.lv\/?post_type=product&#038;p=28767"},"modified":"2026-02-27T17:46:06","modified_gmt":"2026-02-27T17:46:06","slug":"sarkanu-gerberu-seru-vainags","status":"publish","type":"product","link":"https:\/\/atvadas.lv\/lv\/prece\/sarkanu-gerberu-seru-vainags","title":{"rendered":"Sarkanu gerberu s\u0113ru vainags"},"content":{"rendered":"<ul>\n<li>Modelis: V58<\/li>\n<li>Forma: 110cm diametrs<\/li>\n<li>Piez\u012bmes: Lielform\u0101ta vainags ar sarkan\u0101m gerber\u0101m. Pies\u0101tin\u0101ta kr\u0101sa. Izteiksm\u012bga kompoz\u012bcija.<\/li>\n<\/ul>\n","protected":false},"excerpt":{"rendered":"<p>Modelis: V58 Forma: 110cm diametrs Piez\u012bmes: Lielform\u0101ta vainags ar sarkan\u0101m gerber\u0101m. Pies\u0101tin\u0101ta kr\u0101sa. Izteiksm\u012bga kompoz\u012bcija.<\/p>\n","protected":false},"featured_media":28768,"comment_status":"closed","ping_status":"closed","template":"","meta":{"_eb_attr":"","_glsr_average":0,"_glsr_ranking":0,"_glsr_reviews":0},"product_brand":[],"product_cat":[56],"product_tag":[],"class_list":{"0":"post-28767","1":"product","2":"type-product","3":"status-publish","4":"has-post-thumbnail","6":"product_cat-seru-ziedi","8":"first","9":"instock","10":"taxable","11":"shipping-taxable","12":"purchasable","13":"product-type-simple"},"_links":{"self":[{"href":"https:\/\/atvadas.lv\/lv\/wp-json\/wp\/v2\/product\/28767","targetHints":{"allow":["GET"]}}],"collection":[{"href":"https:\/\/atvadas.lv\/lv\/wp-json\/wp\/v2\/product"}],"about":[{"href":"https:\/\/atvadas.lv\/lv\/wp-json\/wp\/v2\/types\/product"}],"replies":[{"embeddable":true,"href":"https:\/\/atvadas.lv\/lv\/wp-json\/wp\/v2\/comments?post=28767"}],"wp:featuredmedia":[{"embeddable":true,"href":"https:\/\/atvadas.lv\/lv\/wp-json\/wp\/v2\/media\/28768"}],"wp:attachment":[{"href":"https:\/\/atvadas.lv\/lv\/wp-json\/wp\/v2\/media?parent=28767"}],"wp:term":[{"taxonomy":"product_brand","embeddable":true,"href":"https:\/\/atvadas.lv\/lv\/wp-json\/wp\/v2\/product_brand?post=28767"},{"taxonomy":"product_cat","embeddable":true,"href":"https:\/\/atvadas.lv\/lv\/wp-json\/wp\/v2\/product_cat?post=28767"},{"taxonomy":"product_tag","embeddable":true,"href":"https:\/\/atvadas.lv\/lv\/wp-json\/wp\/v2\/product_tag?post=28767"}],"curies":[{"name":"wp","href":"https:\/\/api.w.org\/{rel}","templated":true}]}}