{"id":28765,"date":"2025-11-21T15:34:45","date_gmt":"2025-11-21T15:34:45","guid":{"rendered":"https:\/\/atvadas.lv\/?post_type=product&#038;p=28765"},"modified":"2026-02-27T17:43:45","modified_gmt":"2026-02-27T17:43:45","slug":"gerberu-un-rozu-seru-vainags","status":"publish","type":"product","link":"https:\/\/atvadas.lv\/lv\/prece\/gerberu-un-rozu-seru-vainags","title":{"rendered":"Gerberu un ro\u017eu s\u0113ru vainags"},"content":{"rendered":"<ul>\n<li>Modelis: V55<\/li>\n<li>Forma: 90cm diametrs<\/li>\n<li>Piez\u012bmes: Vainags ar gerber\u0101m un roz\u0113m. Kr\u0101sains ziedu salikums. Piem\u0113rots da\u017e\u0101da veida ceremonij\u0101m.<\/li>\n<\/ul>\n","protected":false},"excerpt":{"rendered":"<p>Modelis: V55 Forma: 90cm diametrs Piez\u012bmes: Vainags ar gerber\u0101m un roz\u0113m. Kr\u0101sains ziedu salikums. Piem\u0113rots da\u017e\u0101da veida ceremonij\u0101m.<\/p>\n","protected":false},"featured_media":28766,"comment_status":"closed","ping_status":"closed","template":"","meta":{"_eb_attr":"","_glsr_average":0,"_glsr_ranking":0,"_glsr_reviews":0},"product_brand":[],"product_cat":[56],"product_tag":[],"class_list":{"0":"post-28765","1":"product","2":"type-product","3":"status-publish","4":"has-post-thumbnail","6":"product_cat-seru-ziedi","8":"first","9":"instock","10":"taxable","11":"shipping-taxable","12":"purchasable","13":"product-type-simple"},"_links":{"self":[{"href":"https:\/\/atvadas.lv\/lv\/wp-json\/wp\/v2\/product\/28765","targetHints":{"allow":["GET"]}}],"collection":[{"href":"https:\/\/atvadas.lv\/lv\/wp-json\/wp\/v2\/product"}],"about":[{"href":"https:\/\/atvadas.lv\/lv\/wp-json\/wp\/v2\/types\/product"}],"replies":[{"embeddable":true,"href":"https:\/\/atvadas.lv\/lv\/wp-json\/wp\/v2\/comments?post=28765"}],"wp:featuredmedia":[{"embeddable":true,"href":"https:\/\/atvadas.lv\/lv\/wp-json\/wp\/v2\/media\/28766"}],"wp:attachment":[{"href":"https:\/\/atvadas.lv\/lv\/wp-json\/wp\/v2\/media?parent=28765"}],"wp:term":[{"taxonomy":"product_brand","embeddable":true,"href":"https:\/\/atvadas.lv\/lv\/wp-json\/wp\/v2\/product_brand?post=28765"},{"taxonomy":"product_cat","embeddable":true,"href":"https:\/\/atvadas.lv\/lv\/wp-json\/wp\/v2\/product_cat?post=28765"},{"taxonomy":"product_tag","embeddable":true,"href":"https:\/\/atvadas.lv\/lv\/wp-json\/wp\/v2\/product_tag?post=28765"}],"curies":[{"name":"wp","href":"https:\/\/api.w.org\/{rel}","templated":true}]}}